{"id":43946,"date":"2023-02-02T12:25:26","date_gmt":"2023-02-02T11:25:26","guid":{"rendered":"https:\/\/michalszpak.eu\/oficjalny-zlot-fanow-michala-szpaka-nadwislanski-mrok\/"},"modified":"2023-06-06T03:46:03","modified_gmt":"2023-06-06T01:46:03","slug":"oficjalny-zlot-fanow-michala-szpaka-nadwislanski-mrok","status":"publish","type":"page","link":"https:\/\/michalszpak.eu\/en\/oficjalny-zlot-fanow-michala-szpaka-nadwislanski-mrok\/","title":{"rendered":"Oficjalny Zlot Fan\u00f3w Micha\u0142a Szpaka &#8220;Nadwi\u015bla\u0144ski Mrok&#8221;"},"content":{"rendered":"<div class=\"wpb-content-wrapper\"><p>[vc_row][vc_column][vc_column_text]ZAPISY NA OFICJALNY ZLOT FAN\u00d3W 2023 &#8220;Nadwi\u015bla\u0144ski Mrok&#8221;<br \/>\nProsimy o uwa\u017cne przeczytanie<\/p>\n<p>Kochani\u2763\ufe0f<br \/>\nPoni\u017cej podajemy link do formularza, w kt\u00f3rym mo\u017cecie si\u0119 zapisa\u0107 na Oficjalny Zlot Fan\u00f3w Micha\u0142a Szpaka, kt\u00f3ry odb\u0119dzie si\u0119 18 lutego 2023 r. w Poznaniu w Klubie Tama godzinach 14.00- 17.00.<br \/>\nWst\u0119p w tym roku b\u0119dzie kosztowa\u0107 500 z\u0142 (dla rodzin przewidujemy zni\u017ck\u0119 10%).<br \/>\nTak, wiemy, \u017ce to niema\u0142o, ale formu\u0142a tegorocznego zlotu b\u0119dzie wyj\u0105tkowa, ale i te\u017c kosztowna.<br \/>\nSpotkanie z naszym Artyst\u0105 b\u0119dzie mia\u0142o nieco inn\u0105 formu\u0142\u0119 ni\u017c dotychczas.<br \/>\nZaprosimy Was na pe\u0142en koncert Micha\u0142a w pozna\u0144skim klubie. Wszyscy t\u0119sknimy za wyst\u0119pami na \u017cywo naszego idola i taki kameralny wyst\u0119p b\u0119dzie dla nas nie lada gratk\u0105, a niebawem zostanie og\u0142oszona data najnowszej premiery p\u0142yty, wi\u0119c b\u0119dzie to dla nas te\u017c okazja zapozna\u0107 si\u0119 z premierowymi wykonaniami utwor\u00f3w z tej p\u0142yty.<br \/>\nWyst\u0119pu wys\u0142uchamy zasiadaj\u0105c nie na widowni, a przy kilkuosobowych stolikach. Zaprosimy Was te\u017c na przek\u0105ski i lampk\u0119 wina<br \/>\nPoza koncertem czekaj\u0105 na Was r\u00f3wnie\u017c inne atrakcje.<\/p>\n<p>Jak zwykle na zlocie b\u0119dzie si\u0119 du\u017co dzia\u0142o i b\u0119dzie to wspania\u0142a okazja spotka\u0107 si\u0119 w fanowskim gronie. Czekamy na Was niecierpliwie wraz z naszym Artyst\u0105, kt\u00f3ry b\u0119dzie wsp\u00f3\u0142gospodarzem tego wydarzenia. Nim si\u0119 zapiszecie, prosimy o zapoznanie si\u0119 z regulaminem zlotu.<\/p>\n<p>\u23f9 Przypominamy, \u017ce w zlocie mog\u0105 wzi\u0105\u0107 udzia\u0142 dzieci, kt\u00f3re uko\u0144czy\u0142y 10 lat.<br \/>\nOsoby niepe\u0142noletnie musz\u0105 mie\u0107 ze sob\u0105 zgod\u0119 rodzic\u00f3w\/opiekun\u00f3w na udzia\u0142 w zlocie.<\/p>\n<p>\u23f9Pliki regulaminu zlotu i wz\u00f3r zgody rodzica\/opiekuna znajdziecie na naszej stronie: <a class=\"x1fey0fg xmper1u x1edh9d7\" href=\"https:\/\/michalszpak.eu\/zlot2026\/\">https:\/\/michalszpak.eu\/zlot2023<\/a><\/p>\n<p>\u23f9Ka\u017cd\u0105 osob\u0119 zapisujemy na osobnym formularzu. Nie wpisujemy kilku os\u00f3b do jednego formularza! Gdy pope\u0142nicie b\u0142\u0105d nie wysy\u0142ajcie drugi raz zg\u0142oszenia, tylko napiszcie o tym do <span class=\"xv78j7m\" spellcheck=\"false\">Gabriela Ko\u0142odziej<\/span><br \/>\nOsob\u0105 do kontaktu w sprawie zapis\u00f3w jest <span class=\"xv78j7m\" spellcheck=\"false\">Mira Tesch Pietrzykowska<\/span><br \/>\nInformacji o wydarzeniu udzielaj\u0105: <span class=\"xv78j7m\" spellcheck=\"false\">Anna Soko\u0142owska<\/span> i <span class=\"xv78j7m\" spellcheck=\"false\">Gabriela Ko\u0142odziej<\/span>.<\/p>\n<p>\u23f9Nasz zlot w tym roku odb\u0119dzie si\u0119 wyj\u0105tkowo w Poznaniu w Klubie Tama przy ulicy Niez\u0142omnych 2, kt\u00f3ry znajduje si\u0119 w niedalekiej odleg\u0142o\u015bci od Dworca PKP Pozna\u0144 G\u0142\u00f3wny.<\/p>\n<p>\u23f9Wp\u0142aty sk\u0142adki dokonujemy na nasze konto bankowe w tytule przelewu wpisuj\u0105c &#8220;sk\u0142adka za zlot fan\u00f3w 2023&#8221;<br \/>\nW przypadku wp\u0142aty za kilka os\u00f3b, b\u0105d\u017a wp\u0142aty w imieniu innej osoby, nale\u017cy wpisa\u0107 imi\u0119 i nazwisko osoby, za kt\u00f3r\u0105 sk\u0142adka jest p\u0142acona.<br \/>\n\u23f9Wp\u0142at mo\u017cna dokonywa\u0107 w dw\u00f3ch ratach:<br \/>\nI rata w wysoko\u015bci 250,00 z\u0142 do 15 stycznia 2023 r.<br \/>\nII rata w wysoko\u015bci 250,00 z\u0142 do 31 stycznia 2023 r.<\/p>\n<p>\u23f9Sk\u0142adka jest bezzwrotna, wi\u0119c prosimy o przemy\u015blane zapisy i wp\u0142aty. Zastrzegamy sobie r\u00f3wnie\u017c prawo do odwo\u0142ania imprezy, w takim przypadku ca\u0142a sk\u0142adka zostanie zwr\u00f3cona.<\/p>\n<p>UWAGA WA\u017bNE\u2757\ufe0f Z racji tego, \u017ce z r\u00f3\u017cnych przyczyn, niezale\u017cnych od organizatora zlot mo\u017ce si\u0119 nie odby\u0107 prosimy o rezerwowanie hoteli czy miejsc noclegowych z mo\u017cliwo\u015bci\u0105 odwo\u0142ania rezerwacji. Ostateczne potwierdzenie, \u017ce zlot si\u0119 odb\u0119dzie podamy najp\u00f3\u017aniej 5 lutego 2023 r.<\/p>\n<p>Po dokonaniu wp\u0142aty otrzymacie mailem od nas potwierdzenie o wpisaniu na list\u0119 uczestnik\u00f3w Zlotu.<\/p>\n<p>Dane do wp\u0142aty:<\/p>\n<p>Stowarzyszenie Oficjalny Fan Club Micha\u0142a Szpaka<br \/>\nING Bank \u015al\u0105ski SA<br \/>\n32 1050 1764 1000 0090 8012 5538<br \/>\nNr konta dla fan\u00f3w z zagranicy w EUR:<br \/>\n10 1050 1764 1000 0090 8012 5546<br \/>\nKod BIC Swift: INGBPLPW<\/p>\n<p>Wi\u0119cej informacji o Klubie Tama w Poznaniu znajdziecie tu: <a class=\"x1fey0fg xmper1u x1edh9d7\" href=\"http:\/\/tamaklub.pl\/contact\/\">http:\/\/tamaklub.pl\/contact\/<\/a>[\/vc_column_text][\/vc_column][\/vc_row][vc_row][vc_column][vc_column_text]<iframe src=\"https:\/\/docs.google.com\/forms\/d\/e\/1FAIpQLSfRbyX9O6ogy0vhp_ra4S3mqbDGxc3DW5mmkHjgw2YNH0Fivg\/viewform?embedded=true\" width=\"640\" height=\"2558\" frameborder=\"0\" marginwidth=\"0\" marginheight=\"0\">\u0141aduj\u0119\u2026<\/iframe>[\/vc_column_text][\/vc_column][\/vc_row]<\/p>\n<h3>Related Images:<\/h3><\/div>","protected":false},"excerpt":{"rendered":"<p>[vc_row][vc_column][vc_column_text]ZAPISY NA OFICJALNY ZLOT FAN\u00d3W 2023 &#8220;Nadwi\u015bla\u0144ski Mrok&#8221; Prosimy o uwa\u017cne przeczytanie Kochani\u2763\ufe0f Poni\u017cej podajemy link do formularza, w kt\u00f3rym mo\u017cecie si\u0119 zapisa\u0107 na Oficjalny Zlot Fan\u00f3w Micha\u0142a Szpaka, kt\u00f3ry odb\u0119dzie si\u0119 18 lutego 2023 r. w Poznaniu w Klubie&#8230;<\/p>\n","protected":false},"author":13556,"featured_media":43896,"parent":0,"menu_order":0,"comment_status":"closed","ping_status":"closed","template":"","meta":{"ngg_post_thumbnail":0,"footnotes":""},"class_list":["post-43946","page","type-page","status-publish","has-post-thumbnail","hentry"],"yoast_head":"<!-- This site is optimized with the Yoast SEO Premium plugin v21.0 (Yoast SEO v27.3) - https:\/\/yoast.com\/product\/yoast-seo-premium-wordpress\/ -->\n<title>Oficjalny Zlot Fan\u00f3w Micha\u0142a Szpaka &quot;Nadwi\u015bla\u0144ski Mrok&quot; - Oficjalny Fan Club Micha\u0142a Szpaka<\/title>\n<meta name=\"robots\" content=\"index, follow, max-snippet:-1, max-image-preview:large, max-video-preview:-1\" \/>\n<link rel=\"canonical\" href=\"https:\/\/michalszpak.eu\/en\/oficjalny-zlot-fanow-michala-szpaka-nadwislanski-mrok\/\" \/>\n<meta property=\"og:locale\" content=\"en_US\" \/>\n<meta property=\"og:type\" content=\"article\" \/>\n<meta property=\"og:title\" content=\"Oficjalny Zlot Fan\u00f3w Micha\u0142a Szpaka &quot;Nadwi\u015bla\u0144ski Mrok&quot;\" \/>\n<meta property=\"og:description\" content=\"[vc_row][vc_column][vc_column_text]ZAPISY NA OFICJALNY ZLOT FAN\u00d3W 2023 &#8220;Nadwi\u015bla\u0144ski Mrok&#8221; Prosimy o uwa\u017cne przeczytanie Kochani\u2763\ufe0f Poni\u017cej podajemy link do formularza, w kt\u00f3rym mo\u017cecie si\u0119 zapisa\u0107 na Oficjalny Zlot Fan\u00f3w Micha\u0142a Szpaka, kt\u00f3ry odb\u0119dzie si\u0119 18 lutego 2023 r. w Poznaniu w Klubie...\" \/>\n<meta property=\"og:url\" content=\"https:\/\/michalszpak.eu\/en\/oficjalny-zlot-fanow-michala-szpaka-nadwislanski-mrok\/\" \/>\n<meta property=\"og:site_name\" content=\"Oficjalny Fan Club Micha\u0142a Szpaka\" \/>\n<meta property=\"article:publisher\" content=\"https:\/\/www.facebook.com\/michalszpakorg\" \/>\n<meta property=\"article:modified_time\" content=\"2023-06-06T01:46:03+00:00\" \/>\n<meta property=\"og:image\" content=\"https:\/\/michalszpak.eu\/wp-content\/uploads\/2023\/02\/nadwislanski-mrok.png\" \/>\n\t<meta property=\"og:image:width\" content=\"1640\" \/>\n\t<meta property=\"og:image:height\" content=\"924\" \/>\n\t<meta property=\"og:image:type\" content=\"image\/png\" \/>\n<meta name=\"twitter:card\" content=\"summary_large_image\" \/>\n<meta name=\"twitter:label1\" content=\"Est. reading time\" \/>\n\t<meta name=\"twitter:data1\" content=\"3 minutes\" \/>\n<script type=\"application\/ld+json\" class=\"yoast-schema-graph\">{\"@context\":\"https:\\\/\\\/schema.org\",\"@graph\":[{\"@type\":\"WebPage\",\"@id\":\"https:\\\/\\\/michalszpak.eu\\\/en\\\/oficjalny-zlot-fanow-michala-szpaka-nadwislanski-mrok\\\/\",\"url\":\"https:\\\/\\\/michalszpak.eu\\\/en\\\/oficjalny-zlot-fanow-michala-szpaka-nadwislanski-mrok\\\/\",\"name\":\"Oficjalny Zlot Fan\u00f3w Micha\u0142a Szpaka \\\"Nadwi\u015bla\u0144ski Mrok\\\" - Oficjalny Fan Club Micha\u0142a Szpaka\",\"isPartOf\":{\"@id\":\"https:\\\/\\\/michalszpak.eu\\\/en\\\/#website\"},\"primaryImageOfPage\":{\"@id\":\"https:\\\/\\\/michalszpak.eu\\\/en\\\/oficjalny-zlot-fanow-michala-szpaka-nadwislanski-mrok\\\/#primaryimage\"},\"image\":{\"@id\":\"https:\\\/\\\/michalszpak.eu\\\/en\\\/oficjalny-zlot-fanow-michala-szpaka-nadwislanski-mrok\\\/#primaryimage\"},\"thumbnailUrl\":\"https:\\\/\\\/michalszpak.eu\\\/wp-content\\\/uploads\\\/2023\\\/02\\\/nadwislanski-mrok.png\",\"datePublished\":\"2023-02-02T11:25:26+00:00\",\"dateModified\":\"2023-06-06T01:46:03+00:00\",\"breadcrumb\":{\"@id\":\"https:\\\/\\\/michalszpak.eu\\\/en\\\/oficjalny-zlot-fanow-michala-szpaka-nadwislanski-mrok\\\/#breadcrumb\"},\"inLanguage\":\"en-US\",\"potentialAction\":[{\"@type\":\"ReadAction\",\"target\":[\"https:\\\/\\\/michalszpak.eu\\\/en\\\/oficjalny-zlot-fanow-michala-szpaka-nadwislanski-mrok\\\/\"]}]},{\"@type\":\"ImageObject\",\"inLanguage\":\"en-US\",\"@id\":\"https:\\\/\\\/michalszpak.eu\\\/en\\\/oficjalny-zlot-fanow-michala-szpaka-nadwislanski-mrok\\\/#primaryimage\",\"url\":\"https:\\\/\\\/michalszpak.eu\\\/wp-content\\\/uploads\\\/2023\\\/02\\\/nadwislanski-mrok.png\",\"contentUrl\":\"https:\\\/\\\/michalszpak.eu\\\/wp-content\\\/uploads\\\/2023\\\/02\\\/nadwislanski-mrok.png\",\"width\":1640,\"height\":924},{\"@type\":\"BreadcrumbList\",\"@id\":\"https:\\\/\\\/michalszpak.eu\\\/en\\\/oficjalny-zlot-fanow-michala-szpaka-nadwislanski-mrok\\\/#breadcrumb\",\"itemListElement\":[{\"@type\":\"ListItem\",\"position\":1,\"name\":\"Home\",\"item\":\"https:\\\/\\\/michalszpak.eu\\\/en\\\/ms-2-2-2\\\/\"},{\"@type\":\"ListItem\",\"position\":2,\"name\":\"Oficjalny Zlot Fan\u00f3w Micha\u0142a Szpaka &#8220;Nadwi\u015bla\u0144ski Mrok&#8221;\"}]},{\"@type\":\"WebSite\",\"@id\":\"https:\\\/\\\/michalszpak.eu\\\/en\\\/#website\",\"url\":\"https:\\\/\\\/michalszpak.eu\\\/en\\\/\",\"name\":\"Oficjalny Fan Club Micha\u0142a Szpaka\",\"description\":\"Strona Stowarzyszenia Oficjalny Fan Club Micha\u0142a Szpaka\",\"potentialAction\":[{\"@type\":\"SearchAction\",\"target\":{\"@type\":\"EntryPoint\",\"urlTemplate\":\"https:\\\/\\\/michalszpak.eu\\\/en\\\/?s={search_term_string}\"},\"query-input\":{\"@type\":\"PropertyValueSpecification\",\"valueRequired\":true,\"valueName\":\"search_term_string\"}}],\"inLanguage\":\"en-US\"}]}<\/script>\n<!-- \/ Yoast SEO Premium plugin. -->","yoast_head_json":{"title":"Oficjalny Zlot Fan\u00f3w Micha\u0142a Szpaka \"Nadwi\u015bla\u0144ski Mrok\" - Oficjalny Fan Club Micha\u0142a Szpaka","robots":{"index":"index","follow":"follow","max-snippet":"max-snippet:-1","max-image-preview":"max-image-preview:large","max-video-preview":"max-video-preview:-1"},"canonical":"https:\/\/michalszpak.eu\/en\/oficjalny-zlot-fanow-michala-szpaka-nadwislanski-mrok\/","og_locale":"en_US","og_type":"article","og_title":"Oficjalny Zlot Fan\u00f3w Micha\u0142a Szpaka \"Nadwi\u015bla\u0144ski Mrok\"","og_description":"[vc_row][vc_column][vc_column_text]ZAPISY NA OFICJALNY ZLOT FAN\u00d3W 2023 &#8220;Nadwi\u015bla\u0144ski Mrok&#8221; Prosimy o uwa\u017cne przeczytanie Kochani\u2763\ufe0f Poni\u017cej podajemy link do formularza, w kt\u00f3rym mo\u017cecie si\u0119 zapisa\u0107 na Oficjalny Zlot Fan\u00f3w Micha\u0142a Szpaka, kt\u00f3ry odb\u0119dzie si\u0119 18 lutego 2023 r. w Poznaniu w Klubie...","og_url":"https:\/\/michalszpak.eu\/en\/oficjalny-zlot-fanow-michala-szpaka-nadwislanski-mrok\/","og_site_name":"Oficjalny Fan Club Micha\u0142a Szpaka","article_publisher":"https:\/\/www.facebook.com\/michalszpakorg","article_modified_time":"2023-06-06T01:46:03+00:00","og_image":[{"width":1640,"height":924,"url":"https:\/\/michalszpak.eu\/wp-content\/uploads\/2023\/02\/nadwislanski-mrok.png","type":"image\/png"}],"twitter_card":"summary_large_image","twitter_misc":{"Est. reading time":"3 minutes"},"schema":{"@context":"https:\/\/schema.org","@graph":[{"@type":"WebPage","@id":"https:\/\/michalszpak.eu\/en\/oficjalny-zlot-fanow-michala-szpaka-nadwislanski-mrok\/","url":"https:\/\/michalszpak.eu\/en\/oficjalny-zlot-fanow-michala-szpaka-nadwislanski-mrok\/","name":"Oficjalny Zlot Fan\u00f3w Micha\u0142a Szpaka \"Nadwi\u015bla\u0144ski Mrok\" - Oficjalny Fan Club Micha\u0142a Szpaka","isPartOf":{"@id":"https:\/\/michalszpak.eu\/en\/#website"},"primaryImageOfPage":{"@id":"https:\/\/michalszpak.eu\/en\/oficjalny-zlot-fanow-michala-szpaka-nadwislanski-mrok\/#primaryimage"},"image":{"@id":"https:\/\/michalszpak.eu\/en\/oficjalny-zlot-fanow-michala-szpaka-nadwislanski-mrok\/#primaryimage"},"thumbnailUrl":"https:\/\/michalszpak.eu\/wp-content\/uploads\/2023\/02\/nadwislanski-mrok.png","datePublished":"2023-02-02T11:25:26+00:00","dateModified":"2023-06-06T01:46:03+00:00","breadcrumb":{"@id":"https:\/\/michalszpak.eu\/en\/oficjalny-zlot-fanow-michala-szpaka-nadwislanski-mrok\/#breadcrumb"},"inLanguage":"en-US","potentialAction":[{"@type":"ReadAction","target":["https:\/\/michalszpak.eu\/en\/oficjalny-zlot-fanow-michala-szpaka-nadwislanski-mrok\/"]}]},{"@type":"ImageObject","inLanguage":"en-US","@id":"https:\/\/michalszpak.eu\/en\/oficjalny-zlot-fanow-michala-szpaka-nadwislanski-mrok\/#primaryimage","url":"https:\/\/michalszpak.eu\/wp-content\/uploads\/2023\/02\/nadwislanski-mrok.png","contentUrl":"https:\/\/michalszpak.eu\/wp-content\/uploads\/2023\/02\/nadwislanski-mrok.png","width":1640,"height":924},{"@type":"BreadcrumbList","@id":"https:\/\/michalszpak.eu\/en\/oficjalny-zlot-fanow-michala-szpaka-nadwislanski-mrok\/#breadcrumb","itemListElement":[{"@type":"ListItem","position":1,"name":"Home","item":"https:\/\/michalszpak.eu\/en\/ms-2-2-2\/"},{"@type":"ListItem","position":2,"name":"Oficjalny Zlot Fan\u00f3w Micha\u0142a Szpaka &#8220;Nadwi\u015bla\u0144ski Mrok&#8221;"}]},{"@type":"WebSite","@id":"https:\/\/michalszpak.eu\/en\/#website","url":"https:\/\/michalszpak.eu\/en\/","name":"Oficjalny Fan Club Micha\u0142a Szpaka","description":"Strona Stowarzyszenia Oficjalny Fan Club Micha\u0142a Szpaka","potentialAction":[{"@type":"SearchAction","target":{"@type":"EntryPoint","urlTemplate":"https:\/\/michalszpak.eu\/en\/?s={search_term_string}"},"query-input":{"@type":"PropertyValueSpecification","valueRequired":true,"valueName":"search_term_string"}}],"inLanguage":"en-US"}]}},"_links":{"self":[{"href":"https:\/\/michalszpak.eu\/en\/wp-json\/wp\/v2\/pages\/43946","targetHints":{"allow":["GET"]}}],"collection":[{"href":"https:\/\/michalszpak.eu\/en\/wp-json\/wp\/v2\/pages"}],"about":[{"href":"https:\/\/michalszpak.eu\/en\/wp-json\/wp\/v2\/types\/page"}],"author":[{"embeddable":true,"href":"https:\/\/michalszpak.eu\/en\/wp-json\/wp\/v2\/users\/13556"}],"replies":[{"embeddable":true,"href":"https:\/\/michalszpak.eu\/en\/wp-json\/wp\/v2\/comments?post=43946"}],"version-history":[{"count":5,"href":"https:\/\/michalszpak.eu\/en\/wp-json\/wp\/v2\/pages\/43946\/revisions"}],"predecessor-version":[{"id":43951,"href":"https:\/\/michalszpak.eu\/en\/wp-json\/wp\/v2\/pages\/43946\/revisions\/43951"}],"wp:featuredmedia":[{"embeddable":true,"href":"https:\/\/michalszpak.eu\/en\/wp-json\/wp\/v2\/media\/43896"}],"wp:attachment":[{"href":"https:\/\/michalszpak.eu\/en\/wp-json\/wp\/v2\/media?parent=43946"}],"curies":[{"name":"wp","href":"https:\/\/api.w.org\/{rel}","templated":true}]}}