{"id":30598,"date":"2018-06-03T18:40:31","date_gmt":"2018-06-03T16:40:31","guid":{"rendered":"https:\/\/michalszpak.eu\/membrship-fees-and-donations\/"},"modified":"2019-02-14T01:13:15","modified_gmt":"2019-02-14T00:13:15","slug":"membrship-fees-and-donations","status":"publish","type":"page","link":"https:\/\/michalszpak.eu\/en\/membrship-fees-and-donations\/","title":{"rendered":"Membership Fees and Donations"},"content":{"rendered":"<p>The membership fee for 2019 is:<\/p>\n<ul>\n<li>60 PLN for new members of the Association<\/li>\n<li>50 PLN for existing members<\/li>\n<\/ul>\n<p>Each member of the OFC MS Association receives his ID card free of charge. If you would also like to receive a lanyard and an etui case apart from the ID card, please pay an additional 15 PLN and add a note &#8220;lanyard and etui case fee&#8221; in the title of your transfer.<\/p>\n<p>When you pay your contribution please add a note &#8220;membership fee for a year &#8230;&#8221; in the title of your transfer. It is very important! When the contribution is paid by third parties, please add a name of the person the fee is paid for in the title of the transfer.<\/p>\n<p>The account number for the contributions is:<\/p>\n<p>Stowarzyszenie Oficjalny Fan Club Micha\u0142a Szpaka<\/p>\n<p>ING Bank \u015al\u0105ski SA<\/p>\n<p>PLN: 32 1050 1764 1000 0090 8012 5538<\/p>\n<p>EUR: 10 1050 1764 1000 0090 8012 5546<\/p>\n<p>Kod BIC Swift: INGBPLPW<\/p>\n<h3>Related Images:<\/h3>","protected":false},"excerpt":{"rendered":"<p>The membership fee for 2019 is: 60 PLN for new members of the Association 50 PLN for existing members Each member of the OFC MS Association receives his ID card free of charge. If you would also like to receive&#8230;<\/p>\n","protected":false},"author":13556,"featured_media":0,"parent":0,"menu_order":0,"comment_status":"closed","ping_status":"closed","template":"","meta":{"ngg_post_thumbnail":0,"footnotes":""},"class_list":["post-30598","page","type-page","status-publish","hentry"],"yoast_head":"<!-- This site is optimized with the Yoast SEO Premium plugin v21.0 (Yoast SEO v26.7) - https:\/\/yoast.com\/wordpress\/plugins\/seo\/ -->\n<title>Membership Fees and Donations - Oficjalny Fan Club Micha\u0142a Szpaka<\/title>\n<meta name=\"description\" content=\"Sk\u0142adki - darowizny - Stowarzyszenie Oficjalny Fan Club Micha\u0142a Szpaka. Zapraszamy do zapis\u00f3w do Stowarzyszenia OFC Micha\u0142a Szpaka.\" \/>\n<meta name=\"robots\" content=\"index, follow, max-snippet:-1, max-image-preview:large, max-video-preview:-1\" \/>\n<link rel=\"canonical\" href=\"https:\/\/michalszpak.eu\/en\/membrship-fees-and-donations\/\" \/>\n<meta property=\"og:locale\" content=\"en_US\" \/>\n<meta property=\"og:type\" content=\"article\" \/>\n<meta property=\"og:title\" content=\"Membership Fees and Donations\" \/>\n<meta property=\"og:description\" content=\"Sk\u0142adki - darowizny - Stowarzyszenie Oficjalny fan Club Micha\u0142a Szpaka\" \/>\n<meta property=\"og:url\" content=\"https:\/\/michalszpak.eu\/en\/membrship-fees-and-donations\/\" \/>\n<meta property=\"og:site_name\" content=\"Oficjalny Fan Club Micha\u0142a Szpaka\" \/>\n<meta property=\"article:publisher\" content=\"https:\/\/www.facebook.com\/michalszpakorg\" \/>\n<meta property=\"article:modified_time\" content=\"2019-02-14T00:13:15+00:00\" \/>\n<meta property=\"og:image\" content=\"https:\/\/michalszpak.eu\/wp-content\/uploads\/2018\/06\/01-007-szpak-insta-OFC-2.jpg\" \/>\n<meta name=\"twitter:card\" content=\"summary_large_image\" \/>\n<meta name=\"twitter:label1\" content=\"Est. reading time\" \/>\n\t<meta name=\"twitter:data1\" content=\"1 minute\" \/>\n<script type=\"application\/ld+json\" class=\"yoast-schema-graph\">{\"@context\":\"https:\/\/schema.org\",\"@graph\":[{\"@type\":\"WebPage\",\"@id\":\"https:\/\/michalszpak.eu\/en\/membrship-fees-and-donations\/\",\"url\":\"https:\/\/michalszpak.eu\/en\/membrship-fees-and-donations\/\",\"name\":\"Membership Fees and Donations - Oficjalny Fan Club Micha\u0142a Szpaka\",\"isPartOf\":{\"@id\":\"https:\/\/michalszpak.eu\/en\/#website\"},\"datePublished\":\"2018-06-03T16:40:31+00:00\",\"dateModified\":\"2019-02-14T00:13:15+00:00\",\"description\":\"Sk\u0142adki - darowizny - Stowarzyszenie Oficjalny Fan Club Micha\u0142a Szpaka. Zapraszamy do zapis\u00f3w do Stowarzyszenia OFC Micha\u0142a Szpaka.\",\"breadcrumb\":{\"@id\":\"https:\/\/michalszpak.eu\/en\/membrship-fees-and-donations\/#breadcrumb\"},\"inLanguage\":\"en-US\",\"potentialAction\":[{\"@type\":\"ReadAction\",\"target\":[\"https:\/\/michalszpak.eu\/en\/membrship-fees-and-donations\/\"]}]},{\"@type\":\"BreadcrumbList\",\"@id\":\"https:\/\/michalszpak.eu\/en\/membrship-fees-and-donations\/#breadcrumb\",\"itemListElement\":[{\"@type\":\"ListItem\",\"position\":1,\"name\":\"Home\",\"item\":\"https:\/\/michalszpak.eu\/en\/ms-2-2-2\/\"},{\"@type\":\"ListItem\",\"position\":2,\"name\":\"Membership Fees and Donations\"}]},{\"@type\":\"WebSite\",\"@id\":\"https:\/\/michalszpak.eu\/en\/#website\",\"url\":\"https:\/\/michalszpak.eu\/en\/\",\"name\":\"Oficjalny Fan Club Micha\u0142a Szpaka\",\"description\":\"Strona Stowarzyszenia Oficjalny Fan Club Micha\u0142a Szpaka\",\"potentialAction\":[{\"@type\":\"SearchAction\",\"target\":{\"@type\":\"EntryPoint\",\"urlTemplate\":\"https:\/\/michalszpak.eu\/en\/?s={search_term_string}\"},\"query-input\":{\"@type\":\"PropertyValueSpecification\",\"valueRequired\":true,\"valueName\":\"search_term_string\"}}],\"inLanguage\":\"en-US\"}]}<\/script>\n<!-- \/ Yoast SEO Premium plugin. -->","yoast_head_json":{"title":"Membership Fees and Donations - Oficjalny Fan Club Micha\u0142a Szpaka","description":"Sk\u0142adki - darowizny - Stowarzyszenie Oficjalny Fan Club Micha\u0142a Szpaka. Zapraszamy do zapis\u00f3w do Stowarzyszenia OFC Micha\u0142a Szpaka.","robots":{"index":"index","follow":"follow","max-snippet":"max-snippet:-1","max-image-preview":"max-image-preview:large","max-video-preview":"max-video-preview:-1"},"canonical":"https:\/\/michalszpak.eu\/en\/membrship-fees-and-donations\/","og_locale":"en_US","og_type":"article","og_title":"Membership Fees and Donations","og_description":"Sk\u0142adki - darowizny - Stowarzyszenie Oficjalny fan Club Micha\u0142a Szpaka","og_url":"https:\/\/michalszpak.eu\/en\/membrship-fees-and-donations\/","og_site_name":"Oficjalny Fan Club Micha\u0142a Szpaka","article_publisher":"https:\/\/www.facebook.com\/michalszpakorg","article_modified_time":"2019-02-14T00:13:15+00:00","og_image":[{"url":"https:\/\/michalszpak.eu\/wp-content\/uploads\/2018\/06\/01-007-szpak-insta-OFC-2.jpg","type":"","width":"","height":""}],"twitter_card":"summary_large_image","twitter_misc":{"Est. reading time":"1 minute"},"schema":{"@context":"https:\/\/schema.org","@graph":[{"@type":"WebPage","@id":"https:\/\/michalszpak.eu\/en\/membrship-fees-and-donations\/","url":"https:\/\/michalszpak.eu\/en\/membrship-fees-and-donations\/","name":"Membership Fees and Donations - Oficjalny Fan Club Micha\u0142a Szpaka","isPartOf":{"@id":"https:\/\/michalszpak.eu\/en\/#website"},"datePublished":"2018-06-03T16:40:31+00:00","dateModified":"2019-02-14T00:13:15+00:00","description":"Sk\u0142adki - darowizny - Stowarzyszenie Oficjalny Fan Club Micha\u0142a Szpaka. Zapraszamy do zapis\u00f3w do Stowarzyszenia OFC Micha\u0142a Szpaka.","breadcrumb":{"@id":"https:\/\/michalszpak.eu\/en\/membrship-fees-and-donations\/#breadcrumb"},"inLanguage":"en-US","potentialAction":[{"@type":"ReadAction","target":["https:\/\/michalszpak.eu\/en\/membrship-fees-and-donations\/"]}]},{"@type":"BreadcrumbList","@id":"https:\/\/michalszpak.eu\/en\/membrship-fees-and-donations\/#breadcrumb","itemListElement":[{"@type":"ListItem","position":1,"name":"Home","item":"https:\/\/michalszpak.eu\/en\/ms-2-2-2\/"},{"@type":"ListItem","position":2,"name":"Membership Fees and Donations"}]},{"@type":"WebSite","@id":"https:\/\/michalszpak.eu\/en\/#website","url":"https:\/\/michalszpak.eu\/en\/","name":"Oficjalny Fan Club Micha\u0142a Szpaka","description":"Strona Stowarzyszenia Oficjalny Fan Club Micha\u0142a Szpaka","potentialAction":[{"@type":"SearchAction","target":{"@type":"EntryPoint","urlTemplate":"https:\/\/michalszpak.eu\/en\/?s={search_term_string}"},"query-input":{"@type":"PropertyValueSpecification","valueRequired":true,"valueName":"search_term_string"}}],"inLanguage":"en-US"}]}},"_links":{"self":[{"href":"https:\/\/michalszpak.eu\/en\/wp-json\/wp\/v2\/pages\/30598","targetHints":{"allow":["GET"]}}],"collection":[{"href":"https:\/\/michalszpak.eu\/en\/wp-json\/wp\/v2\/pages"}],"about":[{"href":"https:\/\/michalszpak.eu\/en\/wp-json\/wp\/v2\/types\/page"}],"author":[{"embeddable":true,"href":"https:\/\/michalszpak.eu\/en\/wp-json\/wp\/v2\/users\/13556"}],"replies":[{"embeddable":true,"href":"https:\/\/michalszpak.eu\/en\/wp-json\/wp\/v2\/comments?post=30598"}],"version-history":[{"count":4,"href":"https:\/\/michalszpak.eu\/en\/wp-json\/wp\/v2\/pages\/30598\/revisions"}],"predecessor-version":[{"id":43168,"href":"https:\/\/michalszpak.eu\/en\/wp-json\/wp\/v2\/pages\/30598\/revisions\/43168"}],"wp:attachment":[{"href":"https:\/\/michalszpak.eu\/en\/wp-json\/wp\/v2\/media?parent=30598"}],"curies":[{"name":"wp","href":"https:\/\/api.w.org\/{rel}","templated":true}]}}