{"id":30473,"date":"2018-06-03T14:42:02","date_gmt":"2018-06-03T12:42:02","guid":{"rendered":"https:\/\/michalszpak.eu\/your-thoughts-on-paper\/"},"modified":"2018-06-05T00:20:03","modified_gmt":"2018-06-04T22:20:03","slug":"your-thoughts-on-paper","status":"publish","type":"page","link":"https:\/\/michalszpak.eu\/en\/your-thoughts-on-paper\/","title":{"rendered":"Creative writing"},"content":{"rendered":"<div class=\"wpb-content-wrapper\"><p>[vc_row][vc_column]\t\t<div class=\"lc_swp_boxed lc_blog_masonry_container grid_container blog_container\">\r\n\t\t\t<div class=\"brick3 blog-brick-size\"><\/div>\r\n\t\t\t\t\t\t\t<article class=\"post_item lc_blog_masonry_brick style_creative has_thumbnail post-34603 post type-post status-publish format-standard has-post-thumbnail hentry category-works-of-fans-written-works\">\r\n\t\t\t\t\t\t\t\t\t\t\t<a href=\"https:\/\/michalszpak.eu\/en\/2018\/06\/16\/a-fairy-tale-of-a-magical-starling-and-a-tree-author-elena-shalaeva-16-06-2018\/\">\r\n\t\t\t\t\t\t\t<img fetchpriority=\"high\" decoding=\"async\" width=\"2560\" height=\"1707\" src=\"https:\/\/michalszpak.eu\/wp-content\/uploads\/2018\/06\/DSC03862-scaled.jpg\" class=\"lc_masonry_thumbnail_image wp-post-image\" alt=\"\" srcset=\"https:\/\/michalszpak.eu\/wp-content\/uploads\/2018\/06\/DSC03862-scaled.jpg 2560w, https:\/\/michalszpak.eu\/wp-content\/uploads\/2018\/06\/DSC03862-scaled-600x400.jpg 600w, https:\/\/michalszpak.eu\/wp-content\/uploads\/2018\/06\/DSC03862-300x200.jpg 300w, https:\/\/michalszpak.eu\/wp-content\/uploads\/2018\/06\/DSC03862-768x512.jpg 768w, https:\/\/michalszpak.eu\/wp-content\/uploads\/2018\/06\/DSC03862-1024x683.jpg 1024w\" sizes=\"(max-width: 2560px) 100vw, 2560px\" \/>\t\t\t\t\t\t<\/a>\r\n\r\n\t\t\t\t\t\t\t\t\t\t\t\t\t<div class=\"brick_cover_bg_image transition4\"><\/div>\r\n\t\t\t\t\t\t\t<div class=\"brick_bg_overlay\"><\/div>\r\n\t\t\t\t\t\t\t\t\t\t\t\r\n\t\t\t\t\t<div class=\"post_item_details style_creative\">\r\n\t\t\t\t\t\t<a href=\"https:\/\/michalszpak.eu\/en\/2018\/06\/16\/a-fairy-tale-of-a-magical-starling-and-a-tree-author-elena-shalaeva-16-06-2018\/\">\r\n\t\t\t\t\t\t\t<h2 class=\"lc_post_title transition4 masonry_post_title\">\r\n\t\t\t\t\t\t\t\tA fairy tale of a magical starling and a tree,  author Elena Shalaeva &#8211; 16.06.2018\t\t\t\t\t\t\t<\/h2>\r\n\t\t\t\t\t\t<\/a>\r\n\r\n\t\t\t\t\t\t<div class=\"post_item_meta lc_post_meta masonry_post_meta display_none\">\r\n\t\t\t\t\t\t\t<span class=\"swp_date_meta\">\r\n\t\t\t\t\t\t\t\t16 June 2018\t\t\t\t\t\t\t<\/span>\r\n\r\n\t\t\t\t\t\t\t<span class=\"swp_author_meta\">\r\n\t\t\t\t\t\t\t\tby\t\t\t\t\t\t\t\t<a href=\"https:\/\/michalszpak.eu\/en\/author\/s-gaba\/\">\r\n\t\t\t\t\t\t\t\t\tGaba\t\t\t\t\t\t\t\t<\/a>\r\n\t\t\t\t\t\t\t<\/span>\r\n\r\n\t\t\t\t\t\t\t \r\n\t\t\t\t\t\t\t\t<span class=\"swp_cat_meta\"> \r\n\t\t\t\t\t\t\t\t\tin&nbsp;<a href=\"https:\/\/michalszpak.eu\/en\/kategoria\/works-of-fans-written-works\/\" rel=\"tag\">Works of fans- written works<\/a> \r\n\t\t\t\t\t\t\t\t<\/span> \r\n\t\t\t\t\t\t\t\t\t\t\t\t\t<\/div>\r\n\r\n\t\t\t\t\t\t\t\t\t\t\t\t<div class=\"lc_post_excerpt\">\r\n\t\t\t\t\t\t\t<p>&nbsp; Once upon a time in a garden in a northern country there lived a&hellip;<\/p>\t\t\t\t\t\t<\/div>\r\n\t\t\t\t\t\t\r\n\t\t\t\t\t\t<div class=\"lc_button\">\r\n\t\t\t\t\t\t\t<a href=\"https:\/\/michalszpak.eu\/en\/2018\/06\/16\/a-fairy-tale-of-a-magical-starling-and-a-tree-author-elena-shalaeva-16-06-2018\/\">\r\n\t\t\t\t\t\t\t\tRead more\t\t\t\t\t\t\t<\/a>\r\n\t\t\t\t\t\t<\/div>\r\n\t\t\t\t\t<\/div>\r\n\t\t\t\t<\/article>\r\n\t\t\t\t\t\t\t<article class=\"post_item lc_blog_masonry_brick style_creative has_thumbnail post-32364 post type-post status-publish format-standard has-post-thumbnail hentry category-works-of-fans-written-works\">\r\n\t\t\t\t\t\t\t\t\t\t\t<a href=\"https:\/\/michalszpak.eu\/en\/2018\/06\/13\/take-me-there-katarzyna-joanna-banas-13-06-2018\/\">\r\n\t\t\t\t\t\t\t<img decoding=\"async\" width=\"1707\" height=\"2560\" src=\"https:\/\/michalszpak.eu\/wp-content\/uploads\/2018\/06\/DSC08005-scaled.jpg\" class=\"lc_masonry_thumbnail_image wp-post-image\" alt=\"\" srcset=\"https:\/\/michalszpak.eu\/wp-content\/uploads\/2018\/06\/DSC08005-scaled.jpg 1707w, https:\/\/michalszpak.eu\/wp-content\/uploads\/2018\/06\/DSC08005-scaled-600x900.jpg 600w, https:\/\/michalszpak.eu\/wp-content\/uploads\/2018\/06\/DSC08005-200x300.jpg 200w, https:\/\/michalszpak.eu\/wp-content\/uploads\/2018\/06\/DSC08005-768x1152.jpg 768w, https:\/\/michalszpak.eu\/wp-content\/uploads\/2018\/06\/DSC08005-683x1024.jpg 683w\" sizes=\"(max-width: 1707px) 100vw, 1707px\" \/>\t\t\t\t\t\t<\/a>\r\n\r\n\t\t\t\t\t\t\t\t\t\t\t\t\t<div class=\"brick_cover_bg_image transition4\"><\/div>\r\n\t\t\t\t\t\t\t<div class=\"brick_bg_overlay\"><\/div>\r\n\t\t\t\t\t\t\t\t\t\t\t\r\n\t\t\t\t\t<div class=\"post_item_details style_creative\">\r\n\t\t\t\t\t\t<a href=\"https:\/\/michalszpak.eu\/en\/2018\/06\/13\/take-me-there-katarzyna-joanna-banas-13-06-2018\/\">\r\n\t\t\t\t\t\t\t<h2 class=\"lc_post_title transition4 masonry_post_title\">\r\n\t\t\t\t\t\t\t\t&#8220;Take me there &#8221; &#8211;    Katarzyna Joanna Bana\u015b &#8211; 13.06.2018\t\t\t\t\t\t\t<\/h2>\r\n\t\t\t\t\t\t<\/a>\r\n\r\n\t\t\t\t\t\t<div class=\"post_item_meta lc_post_meta masonry_post_meta display_none\">\r\n\t\t\t\t\t\t\t<span class=\"swp_date_meta\">\r\n\t\t\t\t\t\t\t\t13 June 2018\t\t\t\t\t\t\t<\/span>\r\n\r\n\t\t\t\t\t\t\t<span class=\"swp_author_meta\">\r\n\t\t\t\t\t\t\t\tby\t\t\t\t\t\t\t\t<a href=\"https:\/\/michalszpak.eu\/en\/author\/s-gaba\/\">\r\n\t\t\t\t\t\t\t\t\tGaba\t\t\t\t\t\t\t\t<\/a>\r\n\t\t\t\t\t\t\t<\/span>\r\n\r\n\t\t\t\t\t\t\t \r\n\t\t\t\t\t\t\t\t<span class=\"swp_cat_meta\"> \r\n\t\t\t\t\t\t\t\t\tin&nbsp;<a href=\"https:\/\/michalszpak.eu\/en\/kategoria\/works-of-fans-written-works\/\" rel=\"tag\">Works of fans- written works<\/a> \r\n\t\t\t\t\t\t\t\t<\/span> \r\n\t\t\t\t\t\t\t\t\t\t\t\t\t<\/div>\r\n\r\n\t\t\t\t\t\t\t\t\t\t\t\t<div class=\"lc_post_excerpt\">\r\n\t\t\t\t\t\t\t<p>[vc_row][vc_column][vc_empty_space height=&#8221;80&#8243;][vc_column_text]Come to me, give me your hand, take me to a place where it&hellip;<\/p>\t\t\t\t\t\t<\/div>\r\n\t\t\t\t\t\t\r\n\t\t\t\t\t\t<div class=\"lc_button\">\r\n\t\t\t\t\t\t\t<a href=\"https:\/\/michalszpak.eu\/en\/2018\/06\/13\/take-me-there-katarzyna-joanna-banas-13-06-2018\/\">\r\n\t\t\t\t\t\t\t\tRead more\t\t\t\t\t\t\t<\/a>\r\n\t\t\t\t\t\t<\/div>\r\n\t\t\t\t\t<\/div>\r\n\t\t\t\t<\/article>\r\n\t\t\t\t\t\t\t<article class=\"post_item lc_blog_masonry_brick style_creative has_thumbnail post-30779 post type-post status-publish format-standard has-post-thumbnail hentry category-works-of-fans-written-works\">\r\n\t\t\t\t\t\t\t\t\t\t\t<a href=\"https:\/\/michalszpak.eu\/en\/2018\/06\/10\/a-legend-about-miszanel-author-marta-lakomska-10-06-2018\/\">\r\n\t\t\t\t\t\t\t<img decoding=\"async\" width=\"2000\" height=\"1333\" src=\"https:\/\/michalszpak.eu\/wp-content\/uploads\/2018\/06\/DSC06210-1-e1528645322277.jpg\" class=\"lc_masonry_thumbnail_image wp-post-image\" alt=\"\" srcset=\"https:\/\/michalszpak.eu\/wp-content\/uploads\/2018\/06\/DSC06210-1-e1528645322277.jpg 2000w, https:\/\/michalszpak.eu\/wp-content\/uploads\/2018\/06\/DSC06210-1-e1528645322277-600x400.jpg 600w\" sizes=\"(max-width: 2000px) 100vw, 2000px\" \/>\t\t\t\t\t\t<\/a>\r\n\r\n\t\t\t\t\t\t\t\t\t\t\t\t\t<div class=\"brick_cover_bg_image transition4\"><\/div>\r\n\t\t\t\t\t\t\t<div class=\"brick_bg_overlay\"><\/div>\r\n\t\t\t\t\t\t\t\t\t\t\t\r\n\t\t\t\t\t<div class=\"post_item_details style_creative\">\r\n\t\t\t\t\t\t<a href=\"https:\/\/michalszpak.eu\/en\/2018\/06\/10\/a-legend-about-miszanel-author-marta-lakomska-10-06-2018\/\">\r\n\t\t\t\t\t\t\t<h2 class=\"lc_post_title transition4 masonry_post_title\">\r\n\t\t\t\t\t\t\t\tA legend about Miszanel, author  Marta \u0141akomska &#8211; 10.06.2018\t\t\t\t\t\t\t<\/h2>\r\n\t\t\t\t\t\t<\/a>\r\n\r\n\t\t\t\t\t\t<div class=\"post_item_meta lc_post_meta masonry_post_meta display_none\">\r\n\t\t\t\t\t\t\t<span class=\"swp_date_meta\">\r\n\t\t\t\t\t\t\t\t10 June 2018\t\t\t\t\t\t\t<\/span>\r\n\r\n\t\t\t\t\t\t\t<span class=\"swp_author_meta\">\r\n\t\t\t\t\t\t\t\tby\t\t\t\t\t\t\t\t<a href=\"https:\/\/michalszpak.eu\/en\/author\/s-gaba\/\">\r\n\t\t\t\t\t\t\t\t\tGaba\t\t\t\t\t\t\t\t<\/a>\r\n\t\t\t\t\t\t\t<\/span>\r\n\r\n\t\t\t\t\t\t\t \r\n\t\t\t\t\t\t\t\t<span class=\"swp_cat_meta\"> \r\n\t\t\t\t\t\t\t\t\tin&nbsp;<a href=\"https:\/\/michalszpak.eu\/en\/kategoria\/works-of-fans-written-works\/\" rel=\"tag\">Works of fans- written works<\/a> \r\n\t\t\t\t\t\t\t\t<\/span> \r\n\t\t\t\t\t\t\t\t\t\t\t\t\t<\/div>\r\n\r\n\t\t\t\t\t\t\t\t\t\t\t\t<div class=\"lc_post_excerpt\">\r\n\t\t\t\t\t\t\t<p>A legend about Miszanel Once upon a time (or maybe not so long time ago?),&hellip;<\/p>\t\t\t\t\t\t<\/div>\r\n\t\t\t\t\t\t\r\n\t\t\t\t\t\t<div class=\"lc_button\">\r\n\t\t\t\t\t\t\t<a href=\"https:\/\/michalszpak.eu\/en\/2018\/06\/10\/a-legend-about-miszanel-author-marta-lakomska-10-06-2018\/\">\r\n\t\t\t\t\t\t\t\tRead more\t\t\t\t\t\t\t<\/a>\r\n\t\t\t\t\t\t<\/div>\r\n\t\t\t\t\t<\/div>\r\n\t\t\t\t<\/article>\r\n\t\t\t\t\t<\/div>\r\n\t\t[\/vc_column][\/vc_row]<\/p>\n<h3>Related Images:<\/h3><\/div>","protected":false},"excerpt":{"rendered":"<p>[vc_row][vc_column][\/vc_column][\/vc_row] Related Images:<\/p>\n","protected":false},"author":13556,"featured_media":0,"parent":0,"menu_order":0,"comment_status":"closed","ping_status":"closed","template":"","meta":{"ngg_post_thumbnail":0,"footnotes":""},"class_list":["post-30473","page","type-page","status-publish","hentry"],"yoast_head":"<!-- This site is optimized with the Yoast SEO Premium plugin v21.0 (Yoast SEO v26.7) - https:\/\/yoast.com\/wordpress\/plugins\/seo\/ -->\n<title>Creative writing - Oficjalny Fan Club Micha\u0142a Szpaka<\/title>\n<meta name=\"description\" content=\"Tutaj mo\u017cecie podzieli\u0107 si\u0119 swoj\u0105 tw\u00f3rczo\u015bci\u0105. Pochwali\u0107 si\u0119 pi\u0119knymi opowiadaniami, wierszami czy relacjami z koncert\u00f3w.\" \/>\n<meta name=\"robots\" content=\"index, follow, max-snippet:-1, max-image-preview:large, max-video-preview:-1\" \/>\n<link rel=\"canonical\" href=\"https:\/\/michalszpak.eu\/en\/your-thoughts-on-paper\/\" \/>\n<meta property=\"og:locale\" content=\"en_US\" \/>\n<meta property=\"og:type\" content=\"article\" \/>\n<meta property=\"og:title\" content=\"Creative writing\" \/>\n<meta property=\"og:description\" content=\"Tutaj mo\u017cecie podzieli\u0107 si\u0119 swoj\u0105 tw\u00f3rczo\u015bci\u0105. Pochwali\u0107 si\u0119 pi\u0119knymi opowiadaniami, wierszami czy relacjami z koncert\u00f3w.\" \/>\n<meta property=\"og:url\" content=\"https:\/\/michalszpak.eu\/en\/your-thoughts-on-paper\/\" \/>\n<meta property=\"og:site_name\" content=\"Oficjalny Fan Club Micha\u0142a Szpaka\" \/>\n<meta property=\"article:publisher\" content=\"https:\/\/www.facebook.com\/michalszpakorg\" \/>\n<meta property=\"article:modified_time\" content=\"2018-06-04T22:20:03+00:00\" \/>\n<meta property=\"og:image\" content=\"https:\/\/michalszpak.eu\/wp-content\/uploads\/2018\/06\/DSC06210-1-e1528645322277.jpg\" \/>\n<meta name=\"twitter:card\" content=\"summary_large_image\" \/>\n<script type=\"application\/ld+json\" class=\"yoast-schema-graph\">{\"@context\":\"https:\/\/schema.org\",\"@graph\":[{\"@type\":\"WebPage\",\"@id\":\"https:\/\/michalszpak.eu\/en\/your-thoughts-on-paper\/\",\"url\":\"https:\/\/michalszpak.eu\/en\/your-thoughts-on-paper\/\",\"name\":\"Creative writing - Oficjalny Fan Club Micha\u0142a Szpaka\",\"isPartOf\":{\"@id\":\"https:\/\/michalszpak.eu\/en\/#website\"},\"datePublished\":\"2018-06-03T12:42:02+00:00\",\"dateModified\":\"2018-06-04T22:20:03+00:00\",\"description\":\"Tutaj mo\u017cecie podzieli\u0107 si\u0119 swoj\u0105 tw\u00f3rczo\u015bci\u0105. Pochwali\u0107 si\u0119 pi\u0119knymi opowiadaniami, wierszami czy relacjami z koncert\u00f3w.\",\"breadcrumb\":{\"@id\":\"https:\/\/michalszpak.eu\/en\/your-thoughts-on-paper\/#breadcrumb\"},\"inLanguage\":\"en-US\",\"potentialAction\":[{\"@type\":\"ReadAction\",\"target\":[\"https:\/\/michalszpak.eu\/en\/your-thoughts-on-paper\/\"]}]},{\"@type\":\"BreadcrumbList\",\"@id\":\"https:\/\/michalszpak.eu\/en\/your-thoughts-on-paper\/#breadcrumb\",\"itemListElement\":[{\"@type\":\"ListItem\",\"position\":1,\"name\":\"Home\",\"item\":\"https:\/\/michalszpak.eu\/en\/ms-2-2-2\/\"},{\"@type\":\"ListItem\",\"position\":2,\"name\":\"Creative writing\"}]},{\"@type\":\"WebSite\",\"@id\":\"https:\/\/michalszpak.eu\/en\/#website\",\"url\":\"https:\/\/michalszpak.eu\/en\/\",\"name\":\"Oficjalny Fan Club Micha\u0142a Szpaka\",\"description\":\"Strona Stowarzyszenia Oficjalny Fan Club Micha\u0142a Szpaka\",\"potentialAction\":[{\"@type\":\"SearchAction\",\"target\":{\"@type\":\"EntryPoint\",\"urlTemplate\":\"https:\/\/michalszpak.eu\/en\/?s={search_term_string}\"},\"query-input\":{\"@type\":\"PropertyValueSpecification\",\"valueRequired\":true,\"valueName\":\"search_term_string\"}}],\"inLanguage\":\"en-US\"}]}<\/script>\n<!-- \/ Yoast SEO Premium plugin. -->","yoast_head_json":{"title":"Creative writing - Oficjalny Fan Club Micha\u0142a Szpaka","description":"Tutaj mo\u017cecie podzieli\u0107 si\u0119 swoj\u0105 tw\u00f3rczo\u015bci\u0105. Pochwali\u0107 si\u0119 pi\u0119knymi opowiadaniami, wierszami czy relacjami z koncert\u00f3w.","robots":{"index":"index","follow":"follow","max-snippet":"max-snippet:-1","max-image-preview":"max-image-preview:large","max-video-preview":"max-video-preview:-1"},"canonical":"https:\/\/michalszpak.eu\/en\/your-thoughts-on-paper\/","og_locale":"en_US","og_type":"article","og_title":"Creative writing","og_description":"Tutaj mo\u017cecie podzieli\u0107 si\u0119 swoj\u0105 tw\u00f3rczo\u015bci\u0105. Pochwali\u0107 si\u0119 pi\u0119knymi opowiadaniami, wierszami czy relacjami z koncert\u00f3w.","og_url":"https:\/\/michalszpak.eu\/en\/your-thoughts-on-paper\/","og_site_name":"Oficjalny Fan Club Micha\u0142a Szpaka","article_publisher":"https:\/\/www.facebook.com\/michalszpakorg","article_modified_time":"2018-06-04T22:20:03+00:00","og_image":[{"url":"https:\/\/michalszpak.eu\/wp-content\/uploads\/2018\/06\/DSC06210-1-e1528645322277.jpg","type":"","width":"","height":""}],"twitter_card":"summary_large_image","schema":{"@context":"https:\/\/schema.org","@graph":[{"@type":"WebPage","@id":"https:\/\/michalszpak.eu\/en\/your-thoughts-on-paper\/","url":"https:\/\/michalszpak.eu\/en\/your-thoughts-on-paper\/","name":"Creative writing - Oficjalny Fan Club Micha\u0142a Szpaka","isPartOf":{"@id":"https:\/\/michalszpak.eu\/en\/#website"},"datePublished":"2018-06-03T12:42:02+00:00","dateModified":"2018-06-04T22:20:03+00:00","description":"Tutaj mo\u017cecie podzieli\u0107 si\u0119 swoj\u0105 tw\u00f3rczo\u015bci\u0105. Pochwali\u0107 si\u0119 pi\u0119knymi opowiadaniami, wierszami czy relacjami z koncert\u00f3w.","breadcrumb":{"@id":"https:\/\/michalszpak.eu\/en\/your-thoughts-on-paper\/#breadcrumb"},"inLanguage":"en-US","potentialAction":[{"@type":"ReadAction","target":["https:\/\/michalszpak.eu\/en\/your-thoughts-on-paper\/"]}]},{"@type":"BreadcrumbList","@id":"https:\/\/michalszpak.eu\/en\/your-thoughts-on-paper\/#breadcrumb","itemListElement":[{"@type":"ListItem","position":1,"name":"Home","item":"https:\/\/michalszpak.eu\/en\/ms-2-2-2\/"},{"@type":"ListItem","position":2,"name":"Creative writing"}]},{"@type":"WebSite","@id":"https:\/\/michalszpak.eu\/en\/#website","url":"https:\/\/michalszpak.eu\/en\/","name":"Oficjalny Fan Club Micha\u0142a Szpaka","description":"Strona Stowarzyszenia Oficjalny Fan Club Micha\u0142a Szpaka","potentialAction":[{"@type":"SearchAction","target":{"@type":"EntryPoint","urlTemplate":"https:\/\/michalszpak.eu\/en\/?s={search_term_string}"},"query-input":{"@type":"PropertyValueSpecification","valueRequired":true,"valueName":"search_term_string"}}],"inLanguage":"en-US"}]}},"_links":{"self":[{"href":"https:\/\/michalszpak.eu\/en\/wp-json\/wp\/v2\/pages\/30473","targetHints":{"allow":["GET"]}}],"collection":[{"href":"https:\/\/michalszpak.eu\/en\/wp-json\/wp\/v2\/pages"}],"about":[{"href":"https:\/\/michalszpak.eu\/en\/wp-json\/wp\/v2\/types\/page"}],"author":[{"embeddable":true,"href":"https:\/\/michalszpak.eu\/en\/wp-json\/wp\/v2\/users\/13556"}],"replies":[{"embeddable":true,"href":"https:\/\/michalszpak.eu\/en\/wp-json\/wp\/v2\/comments?post=30473"}],"version-history":[{"count":1,"href":"https:\/\/michalszpak.eu\/en\/wp-json\/wp\/v2\/pages\/30473\/revisions"}],"predecessor-version":[{"id":30504,"href":"https:\/\/michalszpak.eu\/en\/wp-json\/wp\/v2\/pages\/30473\/revisions\/30504"}],"wp:attachment":[{"href":"https:\/\/michalszpak.eu\/en\/wp-json\/wp\/v2\/media?parent=30473"}],"curies":[{"name":"wp","href":"https:\/\/api.w.org\/{rel}","templated":true}]}}