{"id":29539,"date":"2018-05-09T18:15:54","date_gmt":"2018-05-09T16:15:54","guid":{"rendered":"https:\/\/michalszpak.eu\/accompanying-musicians\/"},"modified":"2018-05-24T23:44:44","modified_gmt":"2018-05-24T21:44:44","slug":"accompanying-musicians","status":"publish","type":"page","link":"https:\/\/michalszpak.eu\/en\/accompanying-musicians\/","title":{"rendered":"Accompanying musicians"},"content":{"rendered":"<div class=\"wpb-content-wrapper\"><p>[vc_row][vc_column][vc_column_text]<a href=\"https:\/\/michalszpak.eu\/en\/groove-section\/\"><img fetchpriority=\"high\" decoding=\"async\" class=\"alignnone size-medium wp-image-27564\" src=\"https:\/\/michalszpak.eu\/wp-content\/uploads\/2018\/05\/GS-z-MS-350x350-b.jpg\" alt=\"\" width=\"300\" height=\"300\" srcset=\"https:\/\/michalszpak.eu\/wp-content\/uploads\/2018\/05\/GS-z-MS-350x350-b.jpg 350w, https:\/\/michalszpak.eu\/wp-content\/uploads\/2018\/05\/GS-z-MS-350x350-b-300x300.jpg 300w, https:\/\/michalszpak.eu\/wp-content\/uploads\/2018\/05\/GS-z-MS-350x350-b-100x100.jpg 100w, https:\/\/michalszpak.eu\/wp-content\/uploads\/2018\/05\/GS-z-MS-350x350-b-150x150.jpg 150w\" sizes=\"(max-width: 300px) 100vw, 300px\" \/><\/a>[\/vc_column_text][vc_column_text]<a href=\"https:\/\/michalszpak.eu\/en\/accompanying-musicians\/whiplash-2\/\"><img decoding=\"async\" class=\"alignnone size-medium wp-image-27275\" src=\"https:\/\/michalszpak.eu\/wp-content\/uploads\/2018\/05\/Micha\u0142-Szpak-Whiplash-b.jpg\" alt=\"\" width=\"300\" height=\"300\" srcset=\"https:\/\/michalszpak.eu\/wp-content\/uploads\/2018\/05\/Micha\u0142-Szpak-Whiplash-b.jpg 350w, https:\/\/michalszpak.eu\/wp-content\/uploads\/2018\/05\/Micha\u0142-Szpak-Whiplash-b-300x300.jpg 300w, https:\/\/michalszpak.eu\/wp-content\/uploads\/2018\/05\/Micha\u0142-Szpak-Whiplash-b-100x100.jpg 100w, https:\/\/michalszpak.eu\/wp-content\/uploads\/2018\/05\/Micha\u0142-Szpak-Whiplash-b-150x150.jpg 150w\" sizes=\"(max-width: 300px) 100vw, 300px\" \/><\/a>[\/vc_column_text][\/vc_column][\/vc_row][vc_row][vc_column][\/vc_column][\/vc_row]<\/p>\n<h3>Related Images:<\/h3><\/div>","protected":false},"excerpt":{"rendered":"<p>[vc_row][vc_column][vc_column_text][\/vc_column_text][vc_column_text][\/vc_column_text][\/vc_column][\/vc_row][vc_row][vc_column][\/vc_column][\/vc_row] Related Images:<\/p>\n","protected":false},"author":13556,"featured_media":0,"parent":0,"menu_order":0,"comment_status":"closed","ping_status":"closed","template":"","meta":{"ngg_post_thumbnail":0,"footnotes":""},"class_list":["post-29539","page","type-page","status-publish","hentry"],"yoast_head":"<!-- This site is optimized with the Yoast SEO Premium plugin v21.0 (Yoast SEO v26.7) - https:\/\/yoast.com\/wordpress\/plugins\/seo\/ -->\n<title>Accompanying musicians - Oficjalny Fan Club Micha\u0142a Szpaka<\/title>\n<meta name=\"description\" content=\"Muzycy towarzysz\u0105cy w muzycznej karierze Micha\u0142a Szpaka: Whiplash, Groove Section, Kamil Czapla, Adrian Adamski, Rafa\u0142 Inglot, Damian Kurasz\" \/>\n<meta name=\"robots\" content=\"index, follow, max-snippet:-1, max-image-preview:large, max-video-preview:-1\" \/>\n<link rel=\"canonical\" href=\"https:\/\/michalszpak.eu\/en\/accompanying-musicians\/\" \/>\n<meta property=\"og:locale\" content=\"en_US\" \/>\n<meta property=\"og:type\" content=\"article\" \/>\n<meta property=\"og:title\" content=\"Accompanying musicians\" \/>\n<meta property=\"og:description\" content=\"Muzycy towarzysz\u0105cy w muzycznej karierze Micha\u0142a Szpaka: Whiplash, Groove Section, Kamil Czapla, Adrian Adamski, Rafa\u0142 Inglot, Damian Kurasz\" \/>\n<meta property=\"og:url\" content=\"https:\/\/michalszpak.eu\/en\/accompanying-musicians\/\" \/>\n<meta property=\"og:site_name\" content=\"Oficjalny Fan Club Micha\u0142a Szpaka\" \/>\n<meta property=\"article:publisher\" content=\"https:\/\/www.facebook.com\/michalszpakorg\" \/>\n<meta property=\"article:modified_time\" content=\"2018-05-24T21:44:44+00:00\" \/>\n<meta property=\"og:image\" content=\"https:\/\/michalszpak.eu\/wp-content\/uploads\/2018\/05\/GS-z-MS-350x350-b.jpg\" \/>\n<meta name=\"twitter:card\" content=\"summary_large_image\" \/>\n<script type=\"application\/ld+json\" class=\"yoast-schema-graph\">{\"@context\":\"https:\/\/schema.org\",\"@graph\":[{\"@type\":\"WebPage\",\"@id\":\"https:\/\/michalszpak.eu\/en\/accompanying-musicians\/\",\"url\":\"https:\/\/michalszpak.eu\/en\/accompanying-musicians\/\",\"name\":\"Accompanying musicians - Oficjalny Fan Club Micha\u0142a Szpaka\",\"isPartOf\":{\"@id\":\"https:\/\/michalszpak.eu\/en\/#website\"},\"primaryImageOfPage\":{\"@id\":\"https:\/\/michalszpak.eu\/en\/accompanying-musicians\/#primaryimage\"},\"image\":{\"@id\":\"https:\/\/michalszpak.eu\/en\/accompanying-musicians\/#primaryimage\"},\"thumbnailUrl\":\"https:\/\/michalszpak.eu\/wp-content\/uploads\/2018\/05\/GS-z-MS-350x350-b.jpg\",\"datePublished\":\"2018-05-09T16:15:54+00:00\",\"dateModified\":\"2018-05-24T21:44:44+00:00\",\"description\":\"Muzycy towarzysz\u0105cy w muzycznej karierze Micha\u0142a Szpaka: Whiplash, Groove Section, Kamil Czapla, Adrian Adamski, Rafa\u0142 Inglot, Damian Kurasz\",\"breadcrumb\":{\"@id\":\"https:\/\/michalszpak.eu\/en\/accompanying-musicians\/#breadcrumb\"},\"inLanguage\":\"en-US\",\"potentialAction\":[{\"@type\":\"ReadAction\",\"target\":[\"https:\/\/michalszpak.eu\/en\/accompanying-musicians\/\"]}]},{\"@type\":\"ImageObject\",\"inLanguage\":\"en-US\",\"@id\":\"https:\/\/michalszpak.eu\/en\/accompanying-musicians\/#primaryimage\",\"url\":\"https:\/\/michalszpak.eu\/wp-content\/uploads\/2018\/05\/GS-z-MS-350x350-b.jpg\",\"contentUrl\":\"https:\/\/michalszpak.eu\/wp-content\/uploads\/2018\/05\/GS-z-MS-350x350-b.jpg\"},{\"@type\":\"BreadcrumbList\",\"@id\":\"https:\/\/michalszpak.eu\/en\/accompanying-musicians\/#breadcrumb\",\"itemListElement\":[{\"@type\":\"ListItem\",\"position\":1,\"name\":\"Home\",\"item\":\"https:\/\/michalszpak.eu\/en\/ms-2-2-2\/\"},{\"@type\":\"ListItem\",\"position\":2,\"name\":\"Accompanying musicians\"}]},{\"@type\":\"WebSite\",\"@id\":\"https:\/\/michalszpak.eu\/en\/#website\",\"url\":\"https:\/\/michalszpak.eu\/en\/\",\"name\":\"Oficjalny Fan Club Micha\u0142a Szpaka\",\"description\":\"Strona Stowarzyszenia Oficjalny Fan Club Micha\u0142a Szpaka\",\"potentialAction\":[{\"@type\":\"SearchAction\",\"target\":{\"@type\":\"EntryPoint\",\"urlTemplate\":\"https:\/\/michalszpak.eu\/en\/?s={search_term_string}\"},\"query-input\":{\"@type\":\"PropertyValueSpecification\",\"valueRequired\":true,\"valueName\":\"search_term_string\"}}],\"inLanguage\":\"en-US\"}]}<\/script>\n<!-- \/ Yoast SEO Premium plugin. -->","yoast_head_json":{"title":"Accompanying musicians - Oficjalny Fan Club Micha\u0142a Szpaka","description":"Muzycy towarzysz\u0105cy w muzycznej karierze Micha\u0142a Szpaka: Whiplash, Groove Section, Kamil Czapla, Adrian Adamski, Rafa\u0142 Inglot, Damian Kurasz","robots":{"index":"index","follow":"follow","max-snippet":"max-snippet:-1","max-image-preview":"max-image-preview:large","max-video-preview":"max-video-preview:-1"},"canonical":"https:\/\/michalszpak.eu\/en\/accompanying-musicians\/","og_locale":"en_US","og_type":"article","og_title":"Accompanying musicians","og_description":"Muzycy towarzysz\u0105cy w muzycznej karierze Micha\u0142a Szpaka: Whiplash, Groove Section, Kamil Czapla, Adrian Adamski, Rafa\u0142 Inglot, Damian Kurasz","og_url":"https:\/\/michalszpak.eu\/en\/accompanying-musicians\/","og_site_name":"Oficjalny Fan Club Micha\u0142a Szpaka","article_publisher":"https:\/\/www.facebook.com\/michalszpakorg","article_modified_time":"2018-05-24T21:44:44+00:00","og_image":[{"url":"https:\/\/michalszpak.eu\/wp-content\/uploads\/2018\/05\/GS-z-MS-350x350-b.jpg","type":"","width":"","height":""}],"twitter_card":"summary_large_image","schema":{"@context":"https:\/\/schema.org","@graph":[{"@type":"WebPage","@id":"https:\/\/michalszpak.eu\/en\/accompanying-musicians\/","url":"https:\/\/michalszpak.eu\/en\/accompanying-musicians\/","name":"Accompanying musicians - Oficjalny Fan Club Micha\u0142a Szpaka","isPartOf":{"@id":"https:\/\/michalszpak.eu\/en\/#website"},"primaryImageOfPage":{"@id":"https:\/\/michalszpak.eu\/en\/accompanying-musicians\/#primaryimage"},"image":{"@id":"https:\/\/michalszpak.eu\/en\/accompanying-musicians\/#primaryimage"},"thumbnailUrl":"https:\/\/michalszpak.eu\/wp-content\/uploads\/2018\/05\/GS-z-MS-350x350-b.jpg","datePublished":"2018-05-09T16:15:54+00:00","dateModified":"2018-05-24T21:44:44+00:00","description":"Muzycy towarzysz\u0105cy w muzycznej karierze Micha\u0142a Szpaka: Whiplash, Groove Section, Kamil Czapla, Adrian Adamski, Rafa\u0142 Inglot, Damian Kurasz","breadcrumb":{"@id":"https:\/\/michalszpak.eu\/en\/accompanying-musicians\/#breadcrumb"},"inLanguage":"en-US","potentialAction":[{"@type":"ReadAction","target":["https:\/\/michalszpak.eu\/en\/accompanying-musicians\/"]}]},{"@type":"ImageObject","inLanguage":"en-US","@id":"https:\/\/michalszpak.eu\/en\/accompanying-musicians\/#primaryimage","url":"https:\/\/michalszpak.eu\/wp-content\/uploads\/2018\/05\/GS-z-MS-350x350-b.jpg","contentUrl":"https:\/\/michalszpak.eu\/wp-content\/uploads\/2018\/05\/GS-z-MS-350x350-b.jpg"},{"@type":"BreadcrumbList","@id":"https:\/\/michalszpak.eu\/en\/accompanying-musicians\/#breadcrumb","itemListElement":[{"@type":"ListItem","position":1,"name":"Home","item":"https:\/\/michalszpak.eu\/en\/ms-2-2-2\/"},{"@type":"ListItem","position":2,"name":"Accompanying musicians"}]},{"@type":"WebSite","@id":"https:\/\/michalszpak.eu\/en\/#website","url":"https:\/\/michalszpak.eu\/en\/","name":"Oficjalny Fan Club Micha\u0142a Szpaka","description":"Strona Stowarzyszenia Oficjalny Fan Club Micha\u0142a Szpaka","potentialAction":[{"@type":"SearchAction","target":{"@type":"EntryPoint","urlTemplate":"https:\/\/michalszpak.eu\/en\/?s={search_term_string}"},"query-input":{"@type":"PropertyValueSpecification","valueRequired":true,"valueName":"search_term_string"}}],"inLanguage":"en-US"}]}},"_links":{"self":[{"href":"https:\/\/michalszpak.eu\/en\/wp-json\/wp\/v2\/pages\/29539","targetHints":{"allow":["GET"]}}],"collection":[{"href":"https:\/\/michalszpak.eu\/en\/wp-json\/wp\/v2\/pages"}],"about":[{"href":"https:\/\/michalszpak.eu\/en\/wp-json\/wp\/v2\/types\/page"}],"author":[{"embeddable":true,"href":"https:\/\/michalszpak.eu\/en\/wp-json\/wp\/v2\/users\/13556"}],"replies":[{"embeddable":true,"href":"https:\/\/michalszpak.eu\/en\/wp-json\/wp\/v2\/comments?post=29539"}],"version-history":[{"count":4,"href":"https:\/\/michalszpak.eu\/en\/wp-json\/wp\/v2\/pages\/29539\/revisions"}],"predecessor-version":[{"id":29544,"href":"https:\/\/michalszpak.eu\/en\/wp-json\/wp\/v2\/pages\/29539\/revisions\/29544"}],"wp:attachment":[{"href":"https:\/\/michalszpak.eu\/en\/wp-json\/wp\/v2\/media?parent=29539"}],"curies":[{"name":"wp","href":"https:\/\/api.w.org\/{rel}","templated":true}]}}