{"id":29355,"date":"2018-05-14T20:17:05","date_gmt":"2018-05-14T18:17:05","guid":{"rendered":"https:\/\/michalszpak.eu\/about-us-2\/"},"modified":"2019-09-12T03:21:13","modified_gmt":"2019-09-12T01:21:13","slug":"about-us-2","status":"publish","type":"page","link":"https:\/\/michalszpak.eu\/en\/about-us-2\/","title":{"rendered":"About Us"},"content":{"rendered":"<div class=\"wpb-content-wrapper\"><p>[vc_row][vc_column][vc_empty_space][\/vc_column][\/vc_row][vc_row][vc_column width=&#8221;2\/3&#8243;][vc_column_text]<\/p>\n<div class=\"\" data-block=\"true\" data-editor=\"a919s\" data-offset-key=\"83d57-0-0\">\n<div class=\"_1mf _1mj\" data-offset-key=\"83d57-0-0\">\n<p>The history of our Fan Club is closely connected with the first performances of Michal Szpak on the X Factor in 2011 where the fans\u2019 passion was born. A group of fans began to form and have accompanied him on his artistic journey ever since. &nbsp;&nbsp;&nbsp;<\/p>\n<p>In 2011 we created a Facebook fan page for Michal Szpak, gathering his fans and supporters. In the same year, we also received an authority from the Artist himself and since then we have acted as the Official Fan Club of Michal Szpak. A website was published in 2012 which now has a new, updated version.<\/p>\n<p>The first years of the Fan Club\u2019s activity were extraordinary, filled with musical (and not only) meetings with our artists. We, his loyal fans, followed him everywhere. Wherever he went, he could always count on our presence and support. There was a lot of madness, joint concert expeditions and joyful meetings. Many friendships were born there and continue to this day.<\/p>\n<p><iframe src=\"\/\/www.youtube.com\/embed\/gmtDYVeF70s\" width=\"560\" height=\"314\" allowfullscreen=\"allowfullscreen\"><\/iframe><\/p>\n<p>Along with Micha\u0142&#8217;s success in Eurovision in 2016, interest in our artist increased significantly and more and more fans grew with each passing day. In May, a closed discussion group was formed on our Facebook fan page, which already had several thousand members in the fall. One of the first big fan actions was the preparation for October concerts in \u0141\u00f3d\u017a and at Torwar in Warsaw. We realized more and more that we were starting to operate on an incomparably larger scale than before, therefore our OFC should acquire a more formal character, appropriate for social organizations. We soon decided to transform the previously informally operating Fan Club into an organization with legal entity.<\/p>\n<p>&nbsp;<\/p>\n<p>In November 2016, Micha\u0142 Szpak&#8217;s Official Fan Club Association was established, whose main goals were expressed in the adopted statute of the Association. As before, the main goal of our Fan Club, which has been operating since then as an association, was to support our Artist on all levels of his activity and organize his fans, that is\u2026in good times and in bad\u2026 for richer or poorer\u2026 through thick and thin. <img decoding=\"async\" src=\"https:\/\/www.facebook.com\/images\/emoji.php\/v9\/faa\/1.5\/16\/1f603.png\"><\/p>\n<p>&nbsp;<\/p>\n<p>In accordance with the statute, the most important goals of Micha\u0142 Szpak&#8217;s Official Fan Club Association are:<\/p>\n<p>&nbsp;<\/p>\n<p>&#8211; promoting and supporting culture and artistic creativity, in particular music;<\/p>\n<p>&#8211; undertaking cultural activities and initiatives;<\/p>\n<p>&#8211; organization of artistic and entertainment events promoting music, in particular the music of Micha\u0142 Szpak;<\/p>\n<p>&#8211; dissemination and promotion of artistic creation, in particular the work of Micha\u0142 Szpak;<\/p>\n<p>&#8211; supporting cultural education of society by promoting musical events and music, in particular the music of Micha\u0142 Szpak <a href=\"https:\/\/michalszpak.eu\/en\/statute-2\/\">read more<\/a><\/p>\n<p>&nbsp;<\/p>\n<p>On January 2, 2017, just five days before the next fan meeting, the Michal Szpak Official Fan Club Association was officially registered in court. We first informed the fans of this at the meeting and Micha\u0142 himself invited them to work and have fun together as members of the MS OFC Association.<\/p>\n<p>We do just that by jointly engaging in the activities of the Fan Club, organizing fan actions, meeting together on various occasions and creating a great family atmosphere, but also, together with our Micha\u0142, participating in various charity activities for the benefit of sick and injured children. Above all, however, we want to show the world how important our artist is to us, how much his music gives us and how much good energy we receive from him at his concerts. Join us! Welcome to the magical Szpak World! Let this magic whirl around you and introduce you to the land of new and extraordinary musical sensations! <img decoding=\"async\" src=\"https:\/\/www.facebook.com\/images\/emoji.php\/v9\/fa5\/1.5\/16\/1f642.png\"><\/p>\n<p>&nbsp;<\/p>\n<p>Finally, we would like to thank the people who made all these beautiful things possible: Agata Tajchman, who initiated the formation of MS OFC, Ania My\u015bli\u0144ska Sun for running the site and the fan page during the first years, Magdalena Kluba, Jola Maj, Ola Massalska, Magdalena Fija\u0142 and Renata Roszkowska for their heart and work for our fan group, as well as others who are too many to mention and who have contributed so much to this Fan Club.<\/p>\n<p>And finally, our beloved Renia Nektarowska, who is no longer with us, who was Michal\u2019s and our good friend. Renia, you will always remain in our memory and hearts! Thank you! <img decoding=\"async\" src=\"https:\/\/www.facebook.com\/images\/emoji.php\/v9\/ff3\/1.5\/16\/2764.png\"><\/p>\n<p>&nbsp;<\/p>\n<\/div>\n<\/div>\n<div class=\"\" style=\"text-align: justify;\" data-block=\"true\" data-editor=\"a919s\" data-offset-key=\"fk8vs-0-0\">\n<div class=\"_1mf _1mj\" data-offset-key=\"fk8vs-0-0\"><iframe src=\"\/\/www.youtube.com\/embed\/2yndyHWTp_4\" width=\"560\" height=\"314\" allowfullscreen=\"allowfullscreen\"><\/iframe><\/div>\n<\/div>\n<div class=\"\" data-block=\"true\" data-editor=\"a919s\" data-offset-key=\"b82rl-0-0\">\n<div class=\"_1mf _1mj\" style=\"text-align: justify;\" data-offset-key=\"b82rl-0-0\"><strong>&nbsp;<\/strong><\/div>\n<div data-offset-key=\"b82rl-0-0\">&nbsp;<\/div>\n<\/div>\n<div class=\"\" data-block=\"true\" data-editor=\"a919s\" data-offset-key=\"60c1l-0-0\">\n<h2 class=\"_1mf _1mj\" style=\"text-align: left;\" data-offset-key=\"60c1l-0-0\"><span style=\"font-family: 'comic sans ms', sans-serif; font-size: 20px;\"><strong>Welcome to our page and thank you for being with us.<\/strong><\/span><\/h2>\n<h2 class=\"_1mf _1mj\" style=\"text-align: center;\" data-offset-key=\"60c1l-0-0\"><span style=\"font-family: 'comic sans ms', sans-serif; font-size: 36px;\"><strong><span style=\"color: #993300;\">&#x2665;<\/span><\/strong><\/span><\/h2>\n<\/div>\n<p>[\/vc_column_text][\/vc_column][vc_column width=&#8221;1\/3&#8243;][vc_empty_space][vc_hoverbox image=&#8221;21677&#8243; primary_title=&#8221;Become a member of the OFC MS Association!&#8221; hover_title=&#8221;Register!&#8221; shape=&#8221;square&#8221; hover_background_color=&#8221;black&#8221; hover_btn_title=&#8221;REGISTRATION&#8221; hover_btn_style=&#8221;classic&#8221; hover_btn_color=&#8221;danger&#8221; css_animation=&#8221;fadeInDown&#8221; hover_add_button=&#8221;true&#8221; hover_btn_link=&#8221;url:https%3A%2F%2Fmichalszpak.eu%2Fen%2Ffan-club-registration%2F|&#8221;]If you would like to become a member of the Micha\u0142 Szpak Official Fan Club Association, please complete the registration form on the Fan Club Membership Registration page. &nbsp;[\/vc_hoverbox][vc_empty_space][vc_row_inner][vc_column_inner][vc_single_image image=&#8221;29139&#8243; img_size=&#8221;full&#8221; onclick=&#8221;img_link_large&#8221; img_link_target=&#8221;_blank&#8221;][vc_column_text]Micha\u0142 z ch\u0142opcami z zespo\u0142u Whiplash zapraszaj\u0105 fan\u00f3w do Oficjalnego Fan Clubu.[\/vc_column_text][vc_single_image image=&#8221;29174&#8243; img_size=&#8221;full&#8221; onclick=&#8221;img_link_large&#8221; img_link_target=&#8221;_blank&#8221;][vc_column_text]Nasz pierwszy r\u0119cznie namalowany pzrz Magdalen\u0119 Klub\u0119 OFCowy baner. Krotoszyn 2012r.[\/vc_column_text][vc_single_image image=&#8221;29176&#8243; img_size=&#8221;full&#8221; onclick=&#8221;img_link_large&#8221; img_link_target=&#8221;_blank&#8221;][vc_column_text]Tak oto dumnie prezentowa\u0142 si\u0119 nasz baner na koncercie w \u0141odzi w 2013 r.&nbsp;[\/vc_column_text][vc_single_image image=&#8221;29180&#8243; img_size=&#8221;full&#8221; onclick=&#8221;img_link_large&#8221; img_link_target=&#8221;_blank&#8221;][vc_column_text]OFC w Czeladzi w 2012 r.[\/vc_column_text][vc_single_image image=&#8221;29182&#8243; img_size=&#8221;full&#8221; onclick=&#8221;img_link_large&#8221;][vc_column_text]Koncert w Lubawie&nbsp; w 2012 r.[\/vc_column_text][\/vc_column_inner][\/vc_row_inner][\/vc_column][\/vc_row][vc_row][vc_column][\/vc_column][\/vc_row][vc_row][vc_column][\/vc_column][\/vc_row]<\/p>\n<h3>Related Images:<\/h3><\/div>","protected":false},"excerpt":{"rendered":"<p>[vc_row][vc_column][vc_empty_space][\/vc_column][\/vc_row][vc_row][vc_column width=&#8221;2\/3&#8243;][vc_column_text] The history of our Fan Club is closely connected with the first performances of Michal Szpak on the X Factor in 2011 where the fans\u2019 passion was born. A group of fans began to form and have accompanied&#8230;<\/p>\n","protected":false},"author":13556,"featured_media":0,"parent":0,"menu_order":0,"comment_status":"closed","ping_status":"closed","template":"","meta":{"ngg_post_thumbnail":0,"footnotes":""},"class_list":["post-29355","page","type-page","status-publish","hentry"],"yoast_head":"<!-- This site is optimized with the Yoast SEO Premium plugin v21.0 (Yoast SEO v26.7) - https:\/\/yoast.com\/wordpress\/plugins\/seo\/ -->\n<title>About Us - Oficjalny Fan Club Micha\u0142a Szpaka<\/title>\n<meta name=\"description\" content=\"O nas - jest to strona po\u015bwi\u0119cona historii powstania Oficjalnego Fan Clubu Micha\u0142a Szpaka\" \/>\n<meta name=\"robots\" content=\"index, follow, max-snippet:-1, max-image-preview:large, max-video-preview:-1\" \/>\n<link rel=\"canonical\" href=\"https:\/\/michalszpak.eu\/en\/about-us-2\/\" \/>\n<meta property=\"og:locale\" content=\"en_US\" \/>\n<meta property=\"og:type\" content=\"article\" \/>\n<meta property=\"og:title\" content=\"About Us\" \/>\n<meta property=\"og:description\" content=\"O nas - jest to strona po\u015bwi\u0119cona historii powstania Oficjalnego Fan Clubu Micha\u0142a Szpaka\" \/>\n<meta property=\"og:url\" content=\"https:\/\/michalszpak.eu\/en\/about-us-2\/\" \/>\n<meta property=\"og:site_name\" content=\"Oficjalny Fan Club Micha\u0142a Szpaka\" \/>\n<meta property=\"article:publisher\" content=\"https:\/\/www.facebook.com\/michalszpakorg\" \/>\n<meta property=\"article:modified_time\" content=\"2019-09-12T01:21:13+00:00\" \/>\n<meta property=\"og:image\" content=\"https:\/\/michalszpak.eu\/wp-content\/uploads\/2018\/07\/Zrzut-ekranu-2018-07-07-o-08.20.59.jpg\" \/>\n<meta name=\"twitter:card\" content=\"summary_large_image\" \/>\n<meta name=\"twitter:label1\" content=\"Est. reading time\" \/>\n\t<meta name=\"twitter:data1\" content=\"5 minutes\" \/>\n<script type=\"application\/ld+json\" class=\"yoast-schema-graph\">{\"@context\":\"https:\/\/schema.org\",\"@graph\":[{\"@type\":\"WebPage\",\"@id\":\"https:\/\/michalszpak.eu\/en\/about-us-2\/\",\"url\":\"https:\/\/michalszpak.eu\/en\/about-us-2\/\",\"name\":\"About Us - Oficjalny Fan Club Micha\u0142a Szpaka\",\"isPartOf\":{\"@id\":\"https:\/\/michalszpak.eu\/en\/#website\"},\"primaryImageOfPage\":{\"@id\":\"https:\/\/michalszpak.eu\/en\/about-us-2\/#primaryimage\"},\"image\":{\"@id\":\"https:\/\/michalszpak.eu\/en\/about-us-2\/#primaryimage\"},\"thumbnailUrl\":\"https:\/\/www.facebook.com\/images\/emoji.php\/v9\/faa\/1.5\/16\/1f603.png\",\"datePublished\":\"2018-05-14T18:17:05+00:00\",\"dateModified\":\"2019-09-12T01:21:13+00:00\",\"description\":\"O nas - jest to strona po\u015bwi\u0119cona historii powstania Oficjalnego Fan Clubu Micha\u0142a Szpaka\",\"breadcrumb\":{\"@id\":\"https:\/\/michalszpak.eu\/en\/about-us-2\/#breadcrumb\"},\"inLanguage\":\"en-US\",\"potentialAction\":[{\"@type\":\"ReadAction\",\"target\":[\"https:\/\/michalszpak.eu\/en\/about-us-2\/\"]}]},{\"@type\":\"ImageObject\",\"inLanguage\":\"en-US\",\"@id\":\"https:\/\/michalszpak.eu\/en\/about-us-2\/#primaryimage\",\"url\":\"https:\/\/www.facebook.com\/images\/emoji.php\/v9\/faa\/1.5\/16\/1f603.png\",\"contentUrl\":\"https:\/\/www.facebook.com\/images\/emoji.php\/v9\/faa\/1.5\/16\/1f603.png\"},{\"@type\":\"BreadcrumbList\",\"@id\":\"https:\/\/michalszpak.eu\/en\/about-us-2\/#breadcrumb\",\"itemListElement\":[{\"@type\":\"ListItem\",\"position\":1,\"name\":\"Home\",\"item\":\"https:\/\/michalszpak.eu\/en\/ms-2-2-2\/\"},{\"@type\":\"ListItem\",\"position\":2,\"name\":\"About Us\"}]},{\"@type\":\"WebSite\",\"@id\":\"https:\/\/michalszpak.eu\/en\/#website\",\"url\":\"https:\/\/michalszpak.eu\/en\/\",\"name\":\"Oficjalny Fan Club Micha\u0142a Szpaka\",\"description\":\"Strona Stowarzyszenia Oficjalny Fan Club Micha\u0142a Szpaka\",\"potentialAction\":[{\"@type\":\"SearchAction\",\"target\":{\"@type\":\"EntryPoint\",\"urlTemplate\":\"https:\/\/michalszpak.eu\/en\/?s={search_term_string}\"},\"query-input\":{\"@type\":\"PropertyValueSpecification\",\"valueRequired\":true,\"valueName\":\"search_term_string\"}}],\"inLanguage\":\"en-US\"}]}<\/script>\n<!-- \/ Yoast SEO Premium plugin. -->","yoast_head_json":{"title":"About Us - Oficjalny Fan Club Micha\u0142a Szpaka","description":"O nas - jest to strona po\u015bwi\u0119cona historii powstania Oficjalnego Fan Clubu Micha\u0142a Szpaka","robots":{"index":"index","follow":"follow","max-snippet":"max-snippet:-1","max-image-preview":"max-image-preview:large","max-video-preview":"max-video-preview:-1"},"canonical":"https:\/\/michalszpak.eu\/en\/about-us-2\/","og_locale":"en_US","og_type":"article","og_title":"About Us","og_description":"O nas - jest to strona po\u015bwi\u0119cona historii powstania Oficjalnego Fan Clubu Micha\u0142a Szpaka","og_url":"https:\/\/michalszpak.eu\/en\/about-us-2\/","og_site_name":"Oficjalny Fan Club Micha\u0142a Szpaka","article_publisher":"https:\/\/www.facebook.com\/michalszpakorg","article_modified_time":"2019-09-12T01:21:13+00:00","og_image":[{"url":"https:\/\/michalszpak.eu\/wp-content\/uploads\/2018\/07\/Zrzut-ekranu-2018-07-07-o-08.20.59.jpg","type":"","width":"","height":""}],"twitter_card":"summary_large_image","twitter_misc":{"Est. reading time":"5 minutes"},"schema":{"@context":"https:\/\/schema.org","@graph":[{"@type":"WebPage","@id":"https:\/\/michalszpak.eu\/en\/about-us-2\/","url":"https:\/\/michalszpak.eu\/en\/about-us-2\/","name":"About Us - Oficjalny Fan Club Micha\u0142a Szpaka","isPartOf":{"@id":"https:\/\/michalszpak.eu\/en\/#website"},"primaryImageOfPage":{"@id":"https:\/\/michalszpak.eu\/en\/about-us-2\/#primaryimage"},"image":{"@id":"https:\/\/michalszpak.eu\/en\/about-us-2\/#primaryimage"},"thumbnailUrl":"https:\/\/www.facebook.com\/images\/emoji.php\/v9\/faa\/1.5\/16\/1f603.png","datePublished":"2018-05-14T18:17:05+00:00","dateModified":"2019-09-12T01:21:13+00:00","description":"O nas - jest to strona po\u015bwi\u0119cona historii powstania Oficjalnego Fan Clubu Micha\u0142a Szpaka","breadcrumb":{"@id":"https:\/\/michalszpak.eu\/en\/about-us-2\/#breadcrumb"},"inLanguage":"en-US","potentialAction":[{"@type":"ReadAction","target":["https:\/\/michalszpak.eu\/en\/about-us-2\/"]}]},{"@type":"ImageObject","inLanguage":"en-US","@id":"https:\/\/michalszpak.eu\/en\/about-us-2\/#primaryimage","url":"https:\/\/www.facebook.com\/images\/emoji.php\/v9\/faa\/1.5\/16\/1f603.png","contentUrl":"https:\/\/www.facebook.com\/images\/emoji.php\/v9\/faa\/1.5\/16\/1f603.png"},{"@type":"BreadcrumbList","@id":"https:\/\/michalszpak.eu\/en\/about-us-2\/#breadcrumb","itemListElement":[{"@type":"ListItem","position":1,"name":"Home","item":"https:\/\/michalszpak.eu\/en\/ms-2-2-2\/"},{"@type":"ListItem","position":2,"name":"About Us"}]},{"@type":"WebSite","@id":"https:\/\/michalszpak.eu\/en\/#website","url":"https:\/\/michalszpak.eu\/en\/","name":"Oficjalny Fan Club Micha\u0142a Szpaka","description":"Strona Stowarzyszenia Oficjalny Fan Club Micha\u0142a Szpaka","potentialAction":[{"@type":"SearchAction","target":{"@type":"EntryPoint","urlTemplate":"https:\/\/michalszpak.eu\/en\/?s={search_term_string}"},"query-input":{"@type":"PropertyValueSpecification","valueRequired":true,"valueName":"search_term_string"}}],"inLanguage":"en-US"}]}},"_links":{"self":[{"href":"https:\/\/michalszpak.eu\/en\/wp-json\/wp\/v2\/pages\/29355","targetHints":{"allow":["GET"]}}],"collection":[{"href":"https:\/\/michalszpak.eu\/en\/wp-json\/wp\/v2\/pages"}],"about":[{"href":"https:\/\/michalszpak.eu\/en\/wp-json\/wp\/v2\/types\/page"}],"author":[{"embeddable":true,"href":"https:\/\/michalszpak.eu\/en\/wp-json\/wp\/v2\/users\/13556"}],"replies":[{"embeddable":true,"href":"https:\/\/michalszpak.eu\/en\/wp-json\/wp\/v2\/comments?post=29355"}],"version-history":[{"count":25,"href":"https:\/\/michalszpak.eu\/en\/wp-json\/wp\/v2\/pages\/29355\/revisions"}],"predecessor-version":[{"id":43316,"href":"https:\/\/michalszpak.eu\/en\/wp-json\/wp\/v2\/pages\/29355\/revisions\/43316"}],"wp:attachment":[{"href":"https:\/\/michalszpak.eu\/en\/wp-json\/wp\/v2\/media?parent=29355"}],"curies":[{"name":"wp","href":"https:\/\/api.w.org\/{rel}","templated":true}]}}