{"id":23252,"date":"2017-07-31T20:26:57","date_gmt":"2017-07-31T18:26:57","guid":{"rendered":"https:\/\/michalszpak.eu\/contact-4\/"},"modified":"2017-07-31T20:26:57","modified_gmt":"2017-07-31T18:26:57","slug":"contact-4","status":"publish","type":"page","link":"https:\/\/michalszpak.eu\/en\/contact-4\/","title":{"rendered":"Contact"},"content":{"rendered":"<p><span style=\"color: #b3b3b3; font-size: 12pt;\"><strong>Stowarzyszenie Oficjalny Fan Club Micha\u0142a Szpaka<\/strong><\/span><\/p>\n<p>&nbsp;<\/p>\n<p><span style=\"color: #d1d1d1;\">NIP: 584-275-58-36<\/span><br \/>\n<span style=\"color: #d1d1d1;\"> REGON: 366218126<\/span><br \/>\n<span style=\"color: #d1d1d1;\"> KRS: 0000656558<\/span><\/p>\n<p>&nbsp;<br \/>\n<span style=\"color: #d1d1d1;\"> Zarejestrowane w S\u0105dzie Rejonowym Gda\u0144sk-P\u00f3\u0142noc VII Wydzia\u0142 Krajowego Rejestru S\u0105dowego<\/span><\/p>\n<p><span style=\"color: #d1d1d1;\">Cz\u0142onkowie Zarz\u0105du: Gabriela Ko\u0142odziej, Aleksandra Massalska, Anna My\u015bli\u0144ska, Mira Pietrzykowska<\/span><span style=\"color: #d1d1d1;\">, Anna Soko\u0142owska, Agata Tajchman, Teresa Tyszkiewicz Zajad\u0142o, Magdalena \u017burek<\/span><\/p>\n<p>&nbsp;<\/p>\n<p><span style=\"color: #d1d1d1;\"><strong>Adres do korespondencji w sprawach fanowskich:<\/strong><\/span><\/p>\n<p><span style=\"color: #d1d1d1;\">Oficjalny Fan Club Micha\u0142a Szpaka (Stowarzyszenie)<\/span><br \/>\n<span style=\"color: #d1d1d1;\"> Skrytka pocztowa Nr 28<\/span><br \/>\n<span style=\"color: #d1d1d1;\"> Filia UP Warszawa 38<\/span><br \/>\n<span style=\"color: #d1d1d1;\"> ul. Rembieli\u0144ska 20<\/span><br \/>\n<span style=\"color: #d1d1d1;\"> 03-200 Warszawa<\/span><br \/>\n<span style=\"color: #d1d1d1;\"> &nbsp;<\/span><br \/>\n<span style=\"color: #d1d1d1;\"> <strong>Nr konta bankowego:&nbsp;<\/strong>ING Bank \u015al\u0105ski SA PLN: 32 1050 1764 1000 0090 8012 5538 EUR: 10 1050 1764 1000 0090 8012 5546 Kod BIC Swift: INGBPLPW<\/span><\/p>\n<p>&nbsp;<\/p>\n<p><span style=\"color: #707070;\"><span style=\"color: #d1d1d1;\">Nasz adres e-mail:<\/span>&nbsp;<span style=\"color: #ccffff;\"><a style=\"color: #ccffff;\" href=\"mailto:michalszpakofc@gmail.com\" target=\"_blank\" rel=\"noopener noreferrer\">michalszpakofc@gmail.com<\/a><\/span><\/span><br \/>\n<span style=\"color: #707070;\"><span style=\"color: #d1d1d1;\"> Nasz Fanpage na Facebooku:<\/span>&nbsp;<span style=\"color: #ccffff;\"><a style=\"color: #ccffff;\" href=\"https:\/\/www.facebook.com\/michalszpakorg\">facebook.com\/michalszpakorg<\/a><\/span><\/span><br \/>\n<span style=\"color: #707070;\"><span style=\"color: #d1d1d1;\"> Nasze konto YouTube:<\/span>&nbsp;<span style=\"color: #ccffff;\"><a style=\"color: #ccffff;\" href=\"www.youtube.com\/user\/MichalSzpakOrg\" target=\"_blank\" rel=\"noopener noreferrer\">youtube.com\/MichalS<\/a><\/span><\/span><br \/>\n<span style=\"color: #707070;\"><span style=\"color: #d1d1d1;\"> Nasze konto Pinterest:<\/span>&nbsp;<span style=\"color: #ccffff;\"><a style=\"color: #ccffff;\" href=\"http:\/\/pl.pinterest.com\/michalszpakofc\/\">pinterest.com\/michalszpakofc<\/a><\/span><\/span><br \/>\n<span style=\"color: #808080;\">&nbsp;<\/span><\/p>\n<p><span style=\"color: #d1d1d1;\">Micha\u0142 Szpak<\/span><\/p>\n<p><span style=\"color: #808080;\"><span style=\"color: #d1d1d1;\">Oficjalna Strona:<\/span>&nbsp;<span style=\"color: #ccffff;\"><a style=\"color: #ccffff;\" href=\"michalszpak.pl\">michalszpak.pl<\/a><\/span><\/span><br \/>\n<span style=\"color: #808080;\"><span style=\"color: #d1d1d1;\">Oficjalny Fanpage na Facebooku:<\/span>&nbsp;<span style=\"color: #ccffff;\"><a style=\"color: #ccffff;\" href=\"http:\/\/facebook.com\/szpakmichal\">facebook.com\/szpakmichal<\/a><\/span><\/span><br \/>\n<span style=\"color: #808080;\"><span style=\"color: #d1d1d1;\">Management: Jacek Jastrowicz&nbsp;&nbsp;&nbsp; |&nbsp;&nbsp; +48 693 773 700&nbsp;&nbsp; |<\/span>&nbsp;&nbsp;<span style=\"color: #ccffff;\">&nbsp;<a style=\"color: #ccffff;\" href=\"mailto:jjacek@musicart.pl\">jjacek@musicart.pl<\/a><\/span><\/span><\/p>\n<h3>Related Images:<\/h3>","protected":false},"excerpt":{"rendered":"<p>Stowarzyszenie Oficjalny Fan Club Micha\u0142a Szpaka &nbsp; NIP: 584-275-58-36 REGON: 366218126 KRS: 0000656558 &nbsp; Zarejestrowane w S\u0105dzie Rejonowym Gda\u0144sk-P\u00f3\u0142noc VII Wydzia\u0142 Krajowego Rejestru S\u0105dowego Cz\u0142onkowie Zarz\u0105du: Gabriela Ko\u0142odziej, Aleksandra Massalska, Anna My\u015bli\u0144ska, Mira Pietrzykowska, Anna Soko\u0142owska, Agata Tajchman, Teresa Tyszkiewicz&#8230;<\/p>\n","protected":false},"author":13556,"featured_media":0,"parent":0,"menu_order":0,"comment_status":"closed","ping_status":"closed","template":"","meta":{"ngg_post_thumbnail":0,"footnotes":""},"class_list":["post-23252","page","type-page","status-publish","hentry"],"yoast_head":"<!-- This site is optimized with the Yoast SEO Premium plugin v21.0 (Yoast SEO v26.7) - https:\/\/yoast.com\/wordpress\/plugins\/seo\/ -->\n<title>Contact - Oficjalny Fan Club Micha\u0142a Szpaka<\/title>\n<meta name=\"robots\" content=\"index, follow, max-snippet:-1, max-image-preview:large, max-video-preview:-1\" \/>\n<link rel=\"canonical\" href=\"https:\/\/michalszpak.eu\/en\/contact-4\/\" \/>\n<meta property=\"og:locale\" content=\"en_US\" \/>\n<meta property=\"og:type\" content=\"article\" \/>\n<meta property=\"og:title\" content=\"Contact\" \/>\n<meta property=\"og:description\" content=\"Stowarzyszenie Oficjalny Fan Club Micha\u0142a Szpaka &nbsp; NIP: 584-275-58-36 REGON: 366218126 KRS: 0000656558 &nbsp; Zarejestrowane w S\u0105dzie Rejonowym Gda\u0144sk-P\u00f3\u0142noc VII Wydzia\u0142 Krajowego Rejestru S\u0105dowego Cz\u0142onkowie Zarz\u0105du: Gabriela Ko\u0142odziej, Aleksandra Massalska, Anna My\u015bli\u0144ska, Mira Pietrzykowska, Anna Soko\u0142owska, Agata Tajchman, Teresa Tyszkiewicz...\" \/>\n<meta property=\"og:url\" content=\"https:\/\/michalszpak.eu\/en\/contact-4\/\" \/>\n<meta property=\"og:site_name\" content=\"Oficjalny Fan Club Micha\u0142a Szpaka\" \/>\n<meta property=\"article:publisher\" content=\"https:\/\/www.facebook.com\/michalszpakorg\" \/>\n<meta property=\"og:image\" content=\"https:\/\/michalszpak.eu\/wp-content\/uploads\/2018\/06\/DSC06210-1-e1528645322277.jpg\" \/>\n<meta name=\"twitter:card\" content=\"summary_large_image\" \/>\n<meta name=\"twitter:label1\" content=\"Est. reading time\" \/>\n\t<meta name=\"twitter:data1\" content=\"1 minute\" \/>\n<script type=\"application\/ld+json\" class=\"yoast-schema-graph\">{\"@context\":\"https:\/\/schema.org\",\"@graph\":[{\"@type\":\"WebPage\",\"@id\":\"https:\/\/michalszpak.eu\/en\/contact-4\/\",\"url\":\"https:\/\/michalszpak.eu\/en\/contact-4\/\",\"name\":\"Contact - Oficjalny Fan Club Micha\u0142a Szpaka\",\"isPartOf\":{\"@id\":\"https:\/\/michalszpak.eu\/en\/#website\"},\"datePublished\":\"2017-07-31T18:26:57+00:00\",\"breadcrumb\":{\"@id\":\"https:\/\/michalszpak.eu\/en\/contact-4\/#breadcrumb\"},\"inLanguage\":\"en-US\",\"potentialAction\":[{\"@type\":\"ReadAction\",\"target\":[\"https:\/\/michalszpak.eu\/en\/contact-4\/\"]}]},{\"@type\":\"BreadcrumbList\",\"@id\":\"https:\/\/michalszpak.eu\/en\/contact-4\/#breadcrumb\",\"itemListElement\":[{\"@type\":\"ListItem\",\"position\":1,\"name\":\"Home\",\"item\":\"https:\/\/michalszpak.eu\/en\/ms-2-2-2\/\"},{\"@type\":\"ListItem\",\"position\":2,\"name\":\"Contact\"}]},{\"@type\":\"WebSite\",\"@id\":\"https:\/\/michalszpak.eu\/en\/#website\",\"url\":\"https:\/\/michalszpak.eu\/en\/\",\"name\":\"Oficjalny Fan Club Micha\u0142a Szpaka\",\"description\":\"Strona Stowarzyszenia Oficjalny Fan Club Micha\u0142a Szpaka\",\"potentialAction\":[{\"@type\":\"SearchAction\",\"target\":{\"@type\":\"EntryPoint\",\"urlTemplate\":\"https:\/\/michalszpak.eu\/en\/?s={search_term_string}\"},\"query-input\":{\"@type\":\"PropertyValueSpecification\",\"valueRequired\":true,\"valueName\":\"search_term_string\"}}],\"inLanguage\":\"en-US\"}]}<\/script>\n<!-- \/ Yoast SEO Premium plugin. -->","yoast_head_json":{"title":"Contact - Oficjalny Fan Club Micha\u0142a Szpaka","robots":{"index":"index","follow":"follow","max-snippet":"max-snippet:-1","max-image-preview":"max-image-preview:large","max-video-preview":"max-video-preview:-1"},"canonical":"https:\/\/michalszpak.eu\/en\/contact-4\/","og_locale":"en_US","og_type":"article","og_title":"Contact","og_description":"Stowarzyszenie Oficjalny Fan Club Micha\u0142a Szpaka &nbsp; NIP: 584-275-58-36 REGON: 366218126 KRS: 0000656558 &nbsp; Zarejestrowane w S\u0105dzie Rejonowym Gda\u0144sk-P\u00f3\u0142noc VII Wydzia\u0142 Krajowego Rejestru S\u0105dowego Cz\u0142onkowie Zarz\u0105du: Gabriela Ko\u0142odziej, Aleksandra Massalska, Anna My\u015bli\u0144ska, Mira Pietrzykowska, Anna Soko\u0142owska, Agata Tajchman, Teresa Tyszkiewicz...","og_url":"https:\/\/michalszpak.eu\/en\/contact-4\/","og_site_name":"Oficjalny Fan Club Micha\u0142a Szpaka","article_publisher":"https:\/\/www.facebook.com\/michalszpakorg","og_image":[{"url":"https:\/\/michalszpak.eu\/wp-content\/uploads\/2018\/06\/DSC06210-1-e1528645322277.jpg","type":"","width":"","height":""}],"twitter_card":"summary_large_image","twitter_misc":{"Est. reading time":"1 minute"},"schema":{"@context":"https:\/\/schema.org","@graph":[{"@type":"WebPage","@id":"https:\/\/michalszpak.eu\/en\/contact-4\/","url":"https:\/\/michalszpak.eu\/en\/contact-4\/","name":"Contact - Oficjalny Fan Club Micha\u0142a Szpaka","isPartOf":{"@id":"https:\/\/michalszpak.eu\/en\/#website"},"datePublished":"2017-07-31T18:26:57+00:00","breadcrumb":{"@id":"https:\/\/michalszpak.eu\/en\/contact-4\/#breadcrumb"},"inLanguage":"en-US","potentialAction":[{"@type":"ReadAction","target":["https:\/\/michalszpak.eu\/en\/contact-4\/"]}]},{"@type":"BreadcrumbList","@id":"https:\/\/michalszpak.eu\/en\/contact-4\/#breadcrumb","itemListElement":[{"@type":"ListItem","position":1,"name":"Home","item":"https:\/\/michalszpak.eu\/en\/ms-2-2-2\/"},{"@type":"ListItem","position":2,"name":"Contact"}]},{"@type":"WebSite","@id":"https:\/\/michalszpak.eu\/en\/#website","url":"https:\/\/michalszpak.eu\/en\/","name":"Oficjalny Fan Club Micha\u0142a Szpaka","description":"Strona Stowarzyszenia Oficjalny Fan Club Micha\u0142a Szpaka","potentialAction":[{"@type":"SearchAction","target":{"@type":"EntryPoint","urlTemplate":"https:\/\/michalszpak.eu\/en\/?s={search_term_string}"},"query-input":{"@type":"PropertyValueSpecification","valueRequired":true,"valueName":"search_term_string"}}],"inLanguage":"en-US"}]}},"_links":{"self":[{"href":"https:\/\/michalszpak.eu\/en\/wp-json\/wp\/v2\/pages\/23252","targetHints":{"allow":["GET"]}}],"collection":[{"href":"https:\/\/michalszpak.eu\/en\/wp-json\/wp\/v2\/pages"}],"about":[{"href":"https:\/\/michalszpak.eu\/en\/wp-json\/wp\/v2\/types\/page"}],"author":[{"embeddable":true,"href":"https:\/\/michalszpak.eu\/en\/wp-json\/wp\/v2\/users\/13556"}],"replies":[{"embeddable":true,"href":"https:\/\/michalszpak.eu\/en\/wp-json\/wp\/v2\/comments?post=23252"}],"version-history":[{"count":0,"href":"https:\/\/michalszpak.eu\/en\/wp-json\/wp\/v2\/pages\/23252\/revisions"}],"wp:attachment":[{"href":"https:\/\/michalszpak.eu\/en\/wp-json\/wp\/v2\/media?parent=23252"}],"curies":[{"name":"wp","href":"https:\/\/api.w.org\/{rel}","templated":true}]}}