{"id":16524,"date":"2014-03-03T20:26:43","date_gmt":"2014-03-03T18:26:43","guid":{"rendered":"https:\/\/michalszpak.eu\/your-work\/"},"modified":"2018-06-09T16:21:21","modified_gmt":"2018-06-09T14:21:21","slug":"your-work","status":"publish","type":"page","link":"https:\/\/michalszpak.eu\/en\/your-work\/","title":{"rendered":"Your Work"},"content":{"rendered":"<div class=\"wpb-content-wrapper\"><p>[vc_row][vc_column width=&#8221;2\/3&#8243;][vc_column_text]This page is for you.<\/p>\n<p>It was clear from the start that Micha\u0142 Szpak\u2019s fans are a group of amazing people who not only buy records and attend their idol\u2019s concerts but also make sacrifices. They offer Micha\u0142 their continuous support and at the same time draw inspiration from him. They faithfully participate in all polls and charts, create amazing artworks and stories, blogs and websites. They flock to all concerts and fan meetings, even from the other side of Poland and fly in from abroad. They are people of all ages with different tastes, views and opinion, yet with a sense of community.<\/p>\n<p>Here you can share your creativity, show your photos, drawings and graphics or show off your collection of Micha\u0142\u2019s gadgets and finds \ud83d\ude42<\/p>\n<p>You can send your stories and work to this address: <a href=\"mailto:michalszpakorg@gmail.com\">michalszpakorg@gmail.com\u00a0<\/a><\/p>\n<p>In the email, together with your work, please send us information what is the title of your work, what is the name of the author (name, last name or your nickname).<\/p>\n<p>Please add a short note that you agree for us to publish your work on our website www:<\/p>\n<p><strong>I declare that I am sending my work in an attachment and I agree for it to be published on the website of the Association of the Official Fan Club of Micha\u0142 Szpak<\/strong><\/p>\n<p><strong>www.michalszpak.eu<\/strong><\/p>\n<p>We reserve the right to not publish every work that has been submitted. <\/p>\n<p>&nbsp;[\/vc_column_text][\/vc_column][vc_column width=&#8221;1\/3&#8243;][vc_column_text]<a href=\"https:\/\/michalszpak.eu\/en\/your-thoughts-on-paper\/\"><img fetchpriority=\"high\" decoding=\"async\" class=\"alignnone size-medium wp-image-30412\" src=\"https:\/\/michalszpak.eu\/wp-content\/uploads\/2018\/06\/sto-44.jpg\" alt=\"\" width=\"300\" height=\"300\" srcset=\"https:\/\/michalszpak.eu\/wp-content\/uploads\/2018\/06\/sto-44.jpg 600w, https:\/\/michalszpak.eu\/wp-content\/uploads\/2018\/06\/sto-44-300x300.jpg 300w, https:\/\/michalszpak.eu\/wp-content\/uploads\/2018\/06\/sto-44-100x100.jpg 100w, https:\/\/michalszpak.eu\/wp-content\/uploads\/2018\/06\/sto-44-150x150.jpg 150w\" sizes=\"(max-width: 300px) 100vw, 300px\" \/><\/a>[\/vc_column_text][vc_empty_space height=&#8221;48px&#8221;][vc_column_text]<a href=\"https:\/\/michalszpak.eu\/en\/?page_id=30572\"><img decoding=\"async\" class=\"alignnone size-medium wp-image-30410\" src=\"https:\/\/michalszpak.eu\/wp-content\/uploads\/2018\/06\/sto-122.jpg\" alt=\"\" width=\"300\" height=\"300\" srcset=\"https:\/\/michalszpak.eu\/wp-content\/uploads\/2018\/06\/sto-122.jpg 600w, https:\/\/michalszpak.eu\/wp-content\/uploads\/2018\/06\/sto-122-300x300.jpg 300w, https:\/\/michalszpak.eu\/wp-content\/uploads\/2018\/06\/sto-122-100x100.jpg 100w, https:\/\/michalszpak.eu\/wp-content\/uploads\/2018\/06\/sto-122-150x150.jpg 150w\" sizes=\"(max-width: 300px) 100vw, 300px\" \/><\/a>[\/vc_column_text][\/vc_column][\/vc_row]<\/p>\n<h3>Related Images:<\/h3><\/div>","protected":false},"excerpt":{"rendered":"<p>[vc_row][vc_column width=&#8221;2\/3&#8243;][vc_column_text]This page is for you. It was clear from the start that Micha\u0142 Szpak\u2019s fans are a group of amazing people who not only buy records and attend their idol\u2019s concerts but also make sacrifices. They offer Micha\u0142 their&#8230;<\/p>\n","protected":false},"author":13556,"featured_media":0,"parent":0,"menu_order":0,"comment_status":"closed","ping_status":"closed","template":"","meta":{"ngg_post_thumbnail":0,"footnotes":""},"class_list":["post-16524","page","type-page","status-publish","hentry"],"yoast_head":"<!-- This site is optimized with the Yoast SEO Premium plugin v21.0 (Yoast SEO v26.7) - https:\/\/yoast.com\/wordpress\/plugins\/seo\/ -->\n<title>Your Work - Oficjalny Fan Club Micha\u0142a Szpaka<\/title>\n<meta name=\"description\" content=\"Od samego pocz\u0105tku jasne by\u0142o, \u017ce Micha\u0142 Szpak gromadzi grono niezwyk\u0142ych fan\u00f3w, kt\u00f3rzy nie tylko kupuj\u0105 p\u0142yty i je\u017cd\u017c\u0105 na koncerty swego Idola, ale po\u015bwi\u0119caj\u0105 ca\u0142ych siebie. Tutaj mo\u017cecie podzieli\u0107 si\u0119 swoj\u0105 tw\u00f3rczo\u015bci\u0105, pokaza\u0107 rysunki i grafiki albo pochwali\u0107 si\u0119 pi\u0119knymi opowiadaniami, czy wierszami.\" \/>\n<meta name=\"robots\" content=\"index, follow, max-snippet:-1, max-image-preview:large, max-video-preview:-1\" \/>\n<link rel=\"canonical\" href=\"https:\/\/michalszpak.eu\/en\/your-work\/\" \/>\n<meta property=\"og:locale\" content=\"en_US\" \/>\n<meta property=\"og:type\" content=\"article\" \/>\n<meta property=\"og:title\" content=\"Your Work\" \/>\n<meta property=\"og:description\" content=\"Od samego pocz\u0105tku jasne by\u0142o, \u017ce Micha\u0142 Szpak gromadzi grono niezwyk\u0142ych fan\u00f3w, kt\u00f3rzy nie tylko kupuj\u0105 p\u0142yty i je\u017cd\u017c\u0105 na koncerty swego Idola, ale po\u015bwi\u0119caj\u0105 ca\u0142ych siebie. Tutaj mo\u017cecie podzieli\u0107 si\u0119 swoj\u0105 tw\u00f3rczo\u015bci\u0105, pokaza\u0107 rysunki i grafiki albo pochwali\u0107 si\u0119 pi\u0119knymi opowiadaniami, czy wierszami.\" \/>\n<meta property=\"og:url\" content=\"https:\/\/michalszpak.eu\/en\/your-work\/\" \/>\n<meta property=\"og:site_name\" content=\"Oficjalny Fan Club Micha\u0142a Szpaka\" \/>\n<meta property=\"article:publisher\" content=\"https:\/\/www.facebook.com\/michalszpakorg\" \/>\n<meta property=\"article:modified_time\" content=\"2018-06-09T14:21:21+00:00\" \/>\n<meta property=\"og:image\" content=\"https:\/\/michalszpak.eu\/wp-content\/uploads\/2018\/06\/sto-44.jpg\" \/>\n<meta name=\"twitter:card\" content=\"summary_large_image\" \/>\n<meta name=\"twitter:label1\" content=\"Est. reading time\" \/>\n\t<meta name=\"twitter:data1\" content=\"1 minute\" \/>\n<script type=\"application\/ld+json\" class=\"yoast-schema-graph\">{\"@context\":\"https:\/\/schema.org\",\"@graph\":[{\"@type\":\"WebPage\",\"@id\":\"https:\/\/michalszpak.eu\/en\/your-work\/\",\"url\":\"https:\/\/michalszpak.eu\/en\/your-work\/\",\"name\":\"Your Work - Oficjalny Fan Club Micha\u0142a Szpaka\",\"isPartOf\":{\"@id\":\"https:\/\/michalszpak.eu\/en\/#website\"},\"primaryImageOfPage\":{\"@id\":\"https:\/\/michalszpak.eu\/en\/your-work\/#primaryimage\"},\"image\":{\"@id\":\"https:\/\/michalszpak.eu\/en\/your-work\/#primaryimage\"},\"thumbnailUrl\":\"https:\/\/michalszpak.eu\/wp-content\/uploads\/2018\/06\/sto-44.jpg\",\"datePublished\":\"2014-03-03T18:26:43+00:00\",\"dateModified\":\"2018-06-09T14:21:21+00:00\",\"description\":\"Od samego pocz\u0105tku jasne by\u0142o, \u017ce Micha\u0142 Szpak gromadzi grono niezwyk\u0142ych fan\u00f3w, kt\u00f3rzy nie tylko kupuj\u0105 p\u0142yty i je\u017cd\u017c\u0105 na koncerty swego Idola, ale po\u015bwi\u0119caj\u0105 ca\u0142ych siebie. Tutaj mo\u017cecie podzieli\u0107 si\u0119 swoj\u0105 tw\u00f3rczo\u015bci\u0105, pokaza\u0107 rysunki i grafiki albo pochwali\u0107 si\u0119 pi\u0119knymi opowiadaniami, czy wierszami.\",\"breadcrumb\":{\"@id\":\"https:\/\/michalszpak.eu\/en\/your-work\/#breadcrumb\"},\"inLanguage\":\"en-US\",\"potentialAction\":[{\"@type\":\"ReadAction\",\"target\":[\"https:\/\/michalszpak.eu\/en\/your-work\/\"]}]},{\"@type\":\"ImageObject\",\"inLanguage\":\"en-US\",\"@id\":\"https:\/\/michalszpak.eu\/en\/your-work\/#primaryimage\",\"url\":\"https:\/\/michalszpak.eu\/wp-content\/uploads\/2018\/06\/sto-44.jpg\",\"contentUrl\":\"https:\/\/michalszpak.eu\/wp-content\/uploads\/2018\/06\/sto-44.jpg\"},{\"@type\":\"BreadcrumbList\",\"@id\":\"https:\/\/michalszpak.eu\/en\/your-work\/#breadcrumb\",\"itemListElement\":[{\"@type\":\"ListItem\",\"position\":1,\"name\":\"Home\",\"item\":\"https:\/\/michalszpak.eu\/en\/ms-2-2-2\/\"},{\"@type\":\"ListItem\",\"position\":2,\"name\":\"Your Work\"}]},{\"@type\":\"WebSite\",\"@id\":\"https:\/\/michalszpak.eu\/en\/#website\",\"url\":\"https:\/\/michalszpak.eu\/en\/\",\"name\":\"Oficjalny Fan Club Micha\u0142a Szpaka\",\"description\":\"Strona Stowarzyszenia Oficjalny Fan Club Micha\u0142a Szpaka\",\"potentialAction\":[{\"@type\":\"SearchAction\",\"target\":{\"@type\":\"EntryPoint\",\"urlTemplate\":\"https:\/\/michalszpak.eu\/en\/?s={search_term_string}\"},\"query-input\":{\"@type\":\"PropertyValueSpecification\",\"valueRequired\":true,\"valueName\":\"search_term_string\"}}],\"inLanguage\":\"en-US\"}]}<\/script>\n<!-- \/ Yoast SEO Premium plugin. -->","yoast_head_json":{"title":"Your Work - Oficjalny Fan Club Micha\u0142a Szpaka","description":"Od samego pocz\u0105tku jasne by\u0142o, \u017ce Micha\u0142 Szpak gromadzi grono niezwyk\u0142ych fan\u00f3w, kt\u00f3rzy nie tylko kupuj\u0105 p\u0142yty i je\u017cd\u017c\u0105 na koncerty swego Idola, ale po\u015bwi\u0119caj\u0105 ca\u0142ych siebie. Tutaj mo\u017cecie podzieli\u0107 si\u0119 swoj\u0105 tw\u00f3rczo\u015bci\u0105, pokaza\u0107 rysunki i grafiki albo pochwali\u0107 si\u0119 pi\u0119knymi opowiadaniami, czy wierszami.","robots":{"index":"index","follow":"follow","max-snippet":"max-snippet:-1","max-image-preview":"max-image-preview:large","max-video-preview":"max-video-preview:-1"},"canonical":"https:\/\/michalszpak.eu\/en\/your-work\/","og_locale":"en_US","og_type":"article","og_title":"Your Work","og_description":"Od samego pocz\u0105tku jasne by\u0142o, \u017ce Micha\u0142 Szpak gromadzi grono niezwyk\u0142ych fan\u00f3w, kt\u00f3rzy nie tylko kupuj\u0105 p\u0142yty i je\u017cd\u017c\u0105 na koncerty swego Idola, ale po\u015bwi\u0119caj\u0105 ca\u0142ych siebie. Tutaj mo\u017cecie podzieli\u0107 si\u0119 swoj\u0105 tw\u00f3rczo\u015bci\u0105, pokaza\u0107 rysunki i grafiki albo pochwali\u0107 si\u0119 pi\u0119knymi opowiadaniami, czy wierszami.","og_url":"https:\/\/michalszpak.eu\/en\/your-work\/","og_site_name":"Oficjalny Fan Club Micha\u0142a Szpaka","article_publisher":"https:\/\/www.facebook.com\/michalszpakorg","article_modified_time":"2018-06-09T14:21:21+00:00","og_image":[{"url":"https:\/\/michalszpak.eu\/wp-content\/uploads\/2018\/06\/sto-44.jpg","type":"","width":"","height":""}],"twitter_card":"summary_large_image","twitter_misc":{"Est. reading time":"1 minute"},"schema":{"@context":"https:\/\/schema.org","@graph":[{"@type":"WebPage","@id":"https:\/\/michalszpak.eu\/en\/your-work\/","url":"https:\/\/michalszpak.eu\/en\/your-work\/","name":"Your Work - Oficjalny Fan Club Micha\u0142a Szpaka","isPartOf":{"@id":"https:\/\/michalszpak.eu\/en\/#website"},"primaryImageOfPage":{"@id":"https:\/\/michalszpak.eu\/en\/your-work\/#primaryimage"},"image":{"@id":"https:\/\/michalszpak.eu\/en\/your-work\/#primaryimage"},"thumbnailUrl":"https:\/\/michalszpak.eu\/wp-content\/uploads\/2018\/06\/sto-44.jpg","datePublished":"2014-03-03T18:26:43+00:00","dateModified":"2018-06-09T14:21:21+00:00","description":"Od samego pocz\u0105tku jasne by\u0142o, \u017ce Micha\u0142 Szpak gromadzi grono niezwyk\u0142ych fan\u00f3w, kt\u00f3rzy nie tylko kupuj\u0105 p\u0142yty i je\u017cd\u017c\u0105 na koncerty swego Idola, ale po\u015bwi\u0119caj\u0105 ca\u0142ych siebie. Tutaj mo\u017cecie podzieli\u0107 si\u0119 swoj\u0105 tw\u00f3rczo\u015bci\u0105, pokaza\u0107 rysunki i grafiki albo pochwali\u0107 si\u0119 pi\u0119knymi opowiadaniami, czy wierszami.","breadcrumb":{"@id":"https:\/\/michalszpak.eu\/en\/your-work\/#breadcrumb"},"inLanguage":"en-US","potentialAction":[{"@type":"ReadAction","target":["https:\/\/michalszpak.eu\/en\/your-work\/"]}]},{"@type":"ImageObject","inLanguage":"en-US","@id":"https:\/\/michalszpak.eu\/en\/your-work\/#primaryimage","url":"https:\/\/michalszpak.eu\/wp-content\/uploads\/2018\/06\/sto-44.jpg","contentUrl":"https:\/\/michalszpak.eu\/wp-content\/uploads\/2018\/06\/sto-44.jpg"},{"@type":"BreadcrumbList","@id":"https:\/\/michalszpak.eu\/en\/your-work\/#breadcrumb","itemListElement":[{"@type":"ListItem","position":1,"name":"Home","item":"https:\/\/michalszpak.eu\/en\/ms-2-2-2\/"},{"@type":"ListItem","position":2,"name":"Your Work"}]},{"@type":"WebSite","@id":"https:\/\/michalszpak.eu\/en\/#website","url":"https:\/\/michalszpak.eu\/en\/","name":"Oficjalny Fan Club Micha\u0142a Szpaka","description":"Strona Stowarzyszenia Oficjalny Fan Club Micha\u0142a Szpaka","potentialAction":[{"@type":"SearchAction","target":{"@type":"EntryPoint","urlTemplate":"https:\/\/michalszpak.eu\/en\/?s={search_term_string}"},"query-input":{"@type":"PropertyValueSpecification","valueRequired":true,"valueName":"search_term_string"}}],"inLanguage":"en-US"}]}},"_links":{"self":[{"href":"https:\/\/michalszpak.eu\/en\/wp-json\/wp\/v2\/pages\/16524","targetHints":{"allow":["GET"]}}],"collection":[{"href":"https:\/\/michalszpak.eu\/en\/wp-json\/wp\/v2\/pages"}],"about":[{"href":"https:\/\/michalszpak.eu\/en\/wp-json\/wp\/v2\/types\/page"}],"author":[{"embeddable":true,"href":"https:\/\/michalszpak.eu\/en\/wp-json\/wp\/v2\/users\/13556"}],"replies":[{"embeddable":true,"href":"https:\/\/michalszpak.eu\/en\/wp-json\/wp\/v2\/comments?post=16524"}],"version-history":[{"count":14,"href":"https:\/\/michalszpak.eu\/en\/wp-json\/wp\/v2\/pages\/16524\/revisions"}],"predecessor-version":[{"id":30692,"href":"https:\/\/michalszpak.eu\/en\/wp-json\/wp\/v2\/pages\/16524\/revisions\/30692"}],"wp:attachment":[{"href":"https:\/\/michalszpak.eu\/en\/wp-json\/wp\/v2\/media?parent=16524"}],"curies":[{"name":"wp","href":"https:\/\/api.w.org\/{rel}","templated":true}]}}