{"id":16510,"date":"2017-08-02T13:33:09","date_gmt":"2017-08-02T11:33:09","guid":{"rendered":"https:\/\/michalszpak.eu\/contact\/"},"modified":"2019-06-13T02:02:08","modified_gmt":"2019-06-13T00:02:08","slug":"contact","status":"publish","type":"page","link":"https:\/\/michalszpak.eu\/en\/contact\/","title":{"rendered":"Contact"},"content":{"rendered":"<div class=\"wpb-content-wrapper\"><p>[vc_row lc_swp_row_color_scheme=&#8221;white_on_black&#8221;][vc_column][vc_column_text]<span style=\"color: #ffffff; font-size: 12pt;\"><strong>Stowarzyszenie Oficjalny Fan Club Micha\u0142a Szpaka<\/strong><\/span><\/p>\n<p><span style=\"color: #d1d1d1;\">NIP: 584-275-58-36<\/span><br \/>\n<span style=\"color: #d1d1d1;\">REGON: 366218126<\/span><br \/>\n<span style=\"color: #d1d1d1;\">KRS: 0000656558<\/span><\/p>\n<p><span style=\"color: #d1d1d1;\"> Registered in the District Court Gda\u0144sk-P\u00f3\u0142noc VII Department of the National Court Register <\/span><\/p>\n<p><span style=\"color: #d1d1d1;\">Members of the Board: Gabriela Ko\u0142odziej, Anna My\u015bli\u0144ska, Mira Pietrzykowska, Anna Soko\u0142owska, Agata Tajchman, Magdalena \u017burek<\/span>[\/vc_column_text][\/vc_column][\/vc_row][vc_row][vc_column width=&#8221;1\/2&#8243;][vc_column_text]<span style=\"color: #d6d4d4;\"><strong>Postal Address:&nbsp;<\/strong><\/span><\/p>\n<p><span style=\"color: #d1d1d1;\">Oficjalny Fan Club Micha\u0142a Szpaka (Stowarzyszenie)<\/span><\/p>\n<p><span style=\"color: #d1d1d1;\">Skrytka pocztowa Nr 28<\/span><br \/>\n<span style=\"color: #d1d1d1;\">Filia UP Warszawa 38<\/span><br \/>\n<span style=\"color: #d1d1d1;\">ul. Rembieli\u0144ska 20<\/span><br \/>\n<span style=\"color: #d1d1d1;\">03-200 Warszawa<\/span><span style=\"color: #d1d1d1;\">&nbsp;<\/span>[\/vc_column_text][\/vc_column][vc_column width=&#8221;1\/2&#8243;][vc_column_text]<strong><span style=\"color: #d4d4d4;\">Bank account details:&nbsp;<\/span><\/strong><\/p>\n<p><span style=\"color: #d4d4d4;\">ING Bank \u015al\u0105ski SA<\/span><\/p>\n<p><span style=\"color: #d1d1d1;\">PLN: 32 1050 1764 1000 0090 8012 5538<\/span><\/p>\n<p><span style=\"color: #ababab;\"><span style=\"color: #d1d1d1;\">EUR: 10 1050 1764 1000 0090 8012 5546<\/span>&nbsp;<\/span><\/p>\n<p><span style=\"color: #d1d1d1;\">Kod BIC Swift: INGBPLPW<\/span>[\/vc_column_text][\/vc_column][\/vc_row][vc_row][vc_column][vc_separator style=&#8221;shadow&#8221;][\/vc_column][\/vc_row][vc_row][vc_column width=&#8221;1\/2&#8243;][vc_column_text]<span style=\"color: #707070;\"><span style=\"color: #d1d1d1;\">Our email adress:<\/span>&nbsp;<span style=\"color: #ccffff;\"><a style=\"color: #ccffff;\" href=\"mailto:michalszpakofc@gmail.com\" target=\"_blank\" rel=\"noopener noreferrer\">michalszpakofc@gmail.com<\/a><\/span><\/span><br \/>\n<span style=\"color: #707070;\"><span style=\"color: #d1d1d1;\">Facebook:<\/span>&nbsp;<span style=\"color: #ccffff;\"><a style=\"color: #ccffff;\" href=\"https:\/\/www.facebook.com\/michalszpakorg\" target=\"_blank\" rel=\"noopener noreferrer\">facebook.com\/michalszpakorg<\/a><\/span><\/span><br \/>\n<span style=\"color: #707070;\"><span style=\"color: #d1d1d1;\"><span style=\"color: #bababa;\">YouTube<\/span> &nbsp;<span style=\"color: #ccffff;\"><a style=\"color: #ccffff;\" href=\"https:\/\/www.youtube.com\/user\/MichalSzpakOrg\" target=\"_blank\" rel=\"noopener noreferrer\">youtube.com\/MichalS<\/a><\/span><\/span><br \/>\n<span style=\"color: #707070;\"><span style=\"color: #d1d1d1;\"> Pinterest:<\/span>&nbsp;<span style=\"color: #ccffff;\"><a style=\"color: #ccffff;\" href=\"http:\/\/pl.pinterest.com\/michalszpakofc\/\" target=\"_blank\" rel=\"noopener noreferrer\">pinterest.com\/michalszpakofc<\/a><\/span><\/span><br \/>\n<span style=\"color: #808080;\"><span style=\"color: #cfcfcf;\"> Instagram:<\/span><span style=\"color: #ccffff;\"><span style=\"color: #cfcfcf;\">&nbsp;<\/span><a style=\"color: #ccffff;\" href=\"https:\/\/www.instagram.com\/michalszpak.ofc\/\">https:\/\/www.instagram.com\/michalszpak.ofc\/<\/a><\/span><\/span><\/span><\/p>\n<p><span style=\"color: #bababa;\">Michal Szpak International Fan Club:<\/span>&nbsp;<span style=\"color: #ccffff;\"><a style=\"color: #ccffff;\" href=\"https:\/\/www.facebook.com\/michalszpakintlfanclub\/\">https:\/\/www.facebook.com\/michalszpakintlfanclub\/<\/a>&nbsp;<\/span>[\/vc_column_text][\/vc_column][vc_column width=&#8221;1\/2&#8243;][vc_column_text]<span style=\"color: #ffffff;\">Micha\u0142 Szpak<\/span><\/p>\n<p><span style=\"color: #808080;\"><span style=\"color: #d1d1d1;\">Official Website:<\/span>&nbsp;<span style=\"color: #ccffff;\"><a style=\"color: #ccffff;\" href=\"http:\/\/www.michalszpak.pl\" target=\"_blank\" rel=\"noopener noreferrer\">www.michalszpak.pl<\/a><\/span><\/span><br \/>\n<span style=\"color: #808080;\"><span style=\"color: #d1d1d1;\">Official Facebook page:<\/span>&nbsp;<span style=\"color: #ccffff;\"><a style=\"color: #ccffff;\" href=\"http:\/\/facebook.com\/szpakmichal\" target=\"_blank\" rel=\"noopener noreferrer\">facebook.com\/szpakmichal<\/a><\/span><\/span><br \/>\n<span style=\"color: #808080;\"><span style=\"color: #d1d1d1;\">Management: Jacek Jastrowicz&nbsp;&nbsp;&nbsp; |&nbsp;&nbsp; +48 693 773 700&nbsp;&nbsp; |<\/span>&nbsp;&nbsp;<span style=\"color: #ccffff;\">&nbsp;<a style=\"color: #ccffff;\" href=\"mailto:jjacek@musicart.pl\" target=\"_blank\" rel=\"noopener noreferrer\">jjacek@musicart.pl<\/a><\/span><\/span>[\/vc_column_text][\/vc_column][\/vc_row][vc_row][vc_column][vc_separator style=&#8221;shadow&#8221;][\/vc_column][\/vc_row][vc_row][vc_column width=&#8221;1\/2&#8243;][vc_column_text]<\/p>\n<h5>Website administrators:<\/h5>\n<p><span style=\"color: #ffffff;\">Gabriela Ko\u0142odziej&nbsp;<\/span><\/p>\n<p><span style=\"color: #ffffff;\">Teresa Tet Zajad\u0142o<\/span><\/p>\n<p>&nbsp;[\/vc_column_text][vc_separator style=&#8221;shadow&#8221;][\/vc_column][vc_column width=&#8221;1\/2&#8243;][vc_column_text]<\/p>\n<h5>English language section:<\/h5>\n<p><span style=\"color: #ffffff;\">Eve White<\/span><\/p>\n<p><span style=\"color: #ffffff;\">Anastazja Gebarowska<\/span>[\/vc_column_text][\/vc_column][\/vc_row]<\/p>\n<h3>Related Images:<\/h3><\/div>","protected":false},"excerpt":{"rendered":"<p>[vc_row lc_swp_row_color_scheme=&#8221;white_on_black&#8221;][vc_column][vc_column_text]Stowarzyszenie Oficjalny Fan Club Micha\u0142a Szpaka NIP: 584-275-58-36 REGON: 366218126 KRS: 0000656558 Registered in the District Court Gda\u0144sk-P\u00f3\u0142noc VII Department of the National Court Register Members of the Board: Gabriela Ko\u0142odziej, Anna My\u015bli\u0144ska, Mira Pietrzykowska, Anna Soko\u0142owska, Agata Tajchman,&#8230;<\/p>\n","protected":false},"author":13556,"featured_media":0,"parent":0,"menu_order":0,"comment_status":"closed","ping_status":"closed","template":"","meta":{"ngg_post_thumbnail":0,"footnotes":""},"class_list":["post-16510","page","type-page","status-publish","hentry"],"yoast_head":"<!-- This site is optimized with the Yoast SEO Premium plugin v21.0 (Yoast SEO v26.7) - https:\/\/yoast.com\/wordpress\/plugins\/seo\/ -->\n<title>Contact - Oficjalny Fan Club Micha\u0142a Szpaka<\/title>\n<meta name=\"description\" content=\"Strona Stowarzyszenia Oficjalnego Fan Clubu Micha\u0142a Szpaka - dane kontaktowe. Adres do korespondencji, numer konta bankowego\" \/>\n<meta name=\"robots\" content=\"index, follow, max-snippet:-1, max-image-preview:large, max-video-preview:-1\" \/>\n<link rel=\"canonical\" href=\"https:\/\/michalszpak.eu\/en\/contact\/\" \/>\n<meta property=\"og:locale\" content=\"en_US\" \/>\n<meta property=\"og:type\" content=\"article\" \/>\n<meta property=\"og:title\" content=\"Contact\" \/>\n<meta property=\"og:description\" content=\"Strona Stowarzyszenia Oficjalnego Fan Clubu Micha\u0142a Szpaka - Kontakt\" \/>\n<meta property=\"og:url\" content=\"https:\/\/michalszpak.eu\/en\/contact\/\" \/>\n<meta property=\"og:site_name\" content=\"Oficjalny Fan Club Micha\u0142a Szpaka\" \/>\n<meta property=\"article:publisher\" content=\"https:\/\/www.facebook.com\/michalszpakorg\" \/>\n<meta property=\"article:modified_time\" content=\"2019-06-13T00:02:08+00:00\" \/>\n<meta property=\"og:image\" content=\"https:\/\/michalszpak.eu\/wp-content\/uploads\/2018\/06\/01-007-szpak-insta-OFC-2.jpg\" \/>\n<meta name=\"twitter:card\" content=\"summary_large_image\" \/>\n<meta name=\"twitter:label1\" content=\"Est. reading time\" \/>\n\t<meta name=\"twitter:data1\" content=\"2 minutes\" \/>\n<script type=\"application\/ld+json\" class=\"yoast-schema-graph\">{\"@context\":\"https:\/\/schema.org\",\"@graph\":[{\"@type\":\"WebPage\",\"@id\":\"https:\/\/michalszpak.eu\/en\/contact\/\",\"url\":\"https:\/\/michalszpak.eu\/en\/contact\/\",\"name\":\"Contact - Oficjalny Fan Club Micha\u0142a Szpaka\",\"isPartOf\":{\"@id\":\"https:\/\/michalszpak.eu\/en\/#website\"},\"datePublished\":\"2017-08-02T11:33:09+00:00\",\"dateModified\":\"2019-06-13T00:02:08+00:00\",\"description\":\"Strona Stowarzyszenia Oficjalnego Fan Clubu Micha\u0142a Szpaka - dane kontaktowe. Adres do korespondencji, numer konta bankowego\",\"breadcrumb\":{\"@id\":\"https:\/\/michalszpak.eu\/en\/contact\/#breadcrumb\"},\"inLanguage\":\"en-US\",\"potentialAction\":[{\"@type\":\"ReadAction\",\"target\":[\"https:\/\/michalszpak.eu\/en\/contact\/\"]}]},{\"@type\":\"BreadcrumbList\",\"@id\":\"https:\/\/michalszpak.eu\/en\/contact\/#breadcrumb\",\"itemListElement\":[{\"@type\":\"ListItem\",\"position\":1,\"name\":\"Home\",\"item\":\"https:\/\/michalszpak.eu\/en\/ms-2-2-2\/\"},{\"@type\":\"ListItem\",\"position\":2,\"name\":\"Contact\"}]},{\"@type\":\"WebSite\",\"@id\":\"https:\/\/michalszpak.eu\/en\/#website\",\"url\":\"https:\/\/michalszpak.eu\/en\/\",\"name\":\"Oficjalny Fan Club Micha\u0142a Szpaka\",\"description\":\"Strona Stowarzyszenia Oficjalny Fan Club Micha\u0142a Szpaka\",\"potentialAction\":[{\"@type\":\"SearchAction\",\"target\":{\"@type\":\"EntryPoint\",\"urlTemplate\":\"https:\/\/michalszpak.eu\/en\/?s={search_term_string}\"},\"query-input\":{\"@type\":\"PropertyValueSpecification\",\"valueRequired\":true,\"valueName\":\"search_term_string\"}}],\"inLanguage\":\"en-US\"}]}<\/script>\n<!-- \/ Yoast SEO Premium plugin. -->","yoast_head_json":{"title":"Contact - Oficjalny Fan Club Micha\u0142a Szpaka","description":"Strona Stowarzyszenia Oficjalnego Fan Clubu Micha\u0142a Szpaka - dane kontaktowe. Adres do korespondencji, numer konta bankowego","robots":{"index":"index","follow":"follow","max-snippet":"max-snippet:-1","max-image-preview":"max-image-preview:large","max-video-preview":"max-video-preview:-1"},"canonical":"https:\/\/michalszpak.eu\/en\/contact\/","og_locale":"en_US","og_type":"article","og_title":"Contact","og_description":"Strona Stowarzyszenia Oficjalnego Fan Clubu Micha\u0142a Szpaka - Kontakt","og_url":"https:\/\/michalszpak.eu\/en\/contact\/","og_site_name":"Oficjalny Fan Club Micha\u0142a Szpaka","article_publisher":"https:\/\/www.facebook.com\/michalszpakorg","article_modified_time":"2019-06-13T00:02:08+00:00","og_image":[{"url":"https:\/\/michalszpak.eu\/wp-content\/uploads\/2018\/06\/01-007-szpak-insta-OFC-2.jpg","type":"","width":"","height":""}],"twitter_card":"summary_large_image","twitter_misc":{"Est. reading time":"2 minutes"},"schema":{"@context":"https:\/\/schema.org","@graph":[{"@type":"WebPage","@id":"https:\/\/michalszpak.eu\/en\/contact\/","url":"https:\/\/michalszpak.eu\/en\/contact\/","name":"Contact - Oficjalny Fan Club Micha\u0142a Szpaka","isPartOf":{"@id":"https:\/\/michalszpak.eu\/en\/#website"},"datePublished":"2017-08-02T11:33:09+00:00","dateModified":"2019-06-13T00:02:08+00:00","description":"Strona Stowarzyszenia Oficjalnego Fan Clubu Micha\u0142a Szpaka - dane kontaktowe. Adres do korespondencji, numer konta bankowego","breadcrumb":{"@id":"https:\/\/michalszpak.eu\/en\/contact\/#breadcrumb"},"inLanguage":"en-US","potentialAction":[{"@type":"ReadAction","target":["https:\/\/michalszpak.eu\/en\/contact\/"]}]},{"@type":"BreadcrumbList","@id":"https:\/\/michalszpak.eu\/en\/contact\/#breadcrumb","itemListElement":[{"@type":"ListItem","position":1,"name":"Home","item":"https:\/\/michalszpak.eu\/en\/ms-2-2-2\/"},{"@type":"ListItem","position":2,"name":"Contact"}]},{"@type":"WebSite","@id":"https:\/\/michalszpak.eu\/en\/#website","url":"https:\/\/michalszpak.eu\/en\/","name":"Oficjalny Fan Club Micha\u0142a Szpaka","description":"Strona Stowarzyszenia Oficjalny Fan Club Micha\u0142a Szpaka","potentialAction":[{"@type":"SearchAction","target":{"@type":"EntryPoint","urlTemplate":"https:\/\/michalszpak.eu\/en\/?s={search_term_string}"},"query-input":{"@type":"PropertyValueSpecification","valueRequired":true,"valueName":"search_term_string"}}],"inLanguage":"en-US"}]}},"_links":{"self":[{"href":"https:\/\/michalszpak.eu\/en\/wp-json\/wp\/v2\/pages\/16510","targetHints":{"allow":["GET"]}}],"collection":[{"href":"https:\/\/michalszpak.eu\/en\/wp-json\/wp\/v2\/pages"}],"about":[{"href":"https:\/\/michalszpak.eu\/en\/wp-json\/wp\/v2\/types\/page"}],"author":[{"embeddable":true,"href":"https:\/\/michalszpak.eu\/en\/wp-json\/wp\/v2\/users\/13556"}],"replies":[{"embeddable":true,"href":"https:\/\/michalszpak.eu\/en\/wp-json\/wp\/v2\/comments?post=16510"}],"version-history":[{"count":23,"href":"https:\/\/michalszpak.eu\/en\/wp-json\/wp\/v2\/pages\/16510\/revisions"}],"predecessor-version":[{"id":43260,"href":"https:\/\/michalszpak.eu\/en\/wp-json\/wp\/v2\/pages\/16510\/revisions\/43260"}],"wp:attachment":[{"href":"https:\/\/michalszpak.eu\/en\/wp-json\/wp\/v2\/media?parent=16510"}],"curies":[{"name":"wp","href":"https:\/\/api.w.org\/{rel}","templated":true}]}}