{"id":16495,"date":"2014-03-25T19:49:22","date_gmt":"2014-03-25T17:49:22","guid":{"rendered":"https:\/\/michalszpak.eu\/fan-club-registration\/"},"modified":"2018-06-07T06:56:38","modified_gmt":"2018-06-07T04:56:38","slug":"fan-club-registration","status":"publish","type":"page","link":"https:\/\/michalszpak.eu\/en\/fan-club-registration\/","title":{"rendered":"MS OFC Association Membership Registration"},"content":{"rendered":"<div class=\"wpb-content-wrapper\"><p>[vc_row][vc_column][vc_column_text]Before you fill out the form, please read the membership fees information: <a href=\"https:\/\/michalszpak.eu\/en\/membrship-fees-and-donations\/\">Membership fees information <\/a>[\/vc_column_text]<\/p>\n\n<div class=\"wpcf7 no-js\" id=\"wpcf7-f17385-o1\" lang=\"pl-PL\" dir=\"ltr\" data-wpcf7-id=\"17385\">\n<div class=\"screen-reader-response\"><p role=\"status\" aria-live=\"polite\" aria-atomic=\"true\"><\/p> <ul><\/ul><\/div>\n<form action=\"\/en\/wp-json\/wp\/v2\/pages\/16495#wpcf7-f17385-o1\" method=\"post\" class=\"wpcf7-form init\" aria-label=\"Formularz kontaktowy\" novalidate=\"novalidate\" data-status=\"init\">\n<fieldset class=\"hidden-fields-container\"><input type=\"hidden\" name=\"_wpcf7\" value=\"17385\" \/><input type=\"hidden\" name=\"_wpcf7_version\" value=\"6.1.5\" \/><input type=\"hidden\" name=\"_wpcf7_locale\" value=\"pl_PL\" \/><input type=\"hidden\" name=\"_wpcf7_unit_tag\" value=\"wpcf7-f17385-o1\" \/><input type=\"hidden\" name=\"_wpcf7_container_post\" value=\"0\" \/><input type=\"hidden\" name=\"_wpcf7_posted_data_hash\" value=\"\" \/><input type=\"hidden\" name=\"_wpcf7_recaptcha_response\" value=\"\" \/>\n<\/fieldset>\n<p>MEMBER DECLARATION\n<\/p>\n<p>I would like to apply to be a supporting member of the MICHA\u0141 SZPAK OFFICIAL FAN CLUB ASSOCIATION.\n<\/p>\n<p><span class=\"wpcf7-form-control-wrap\" data-name=\"text-391\"><input size=\"40\" maxlength=\"400\" class=\"wpcf7-form-control wpcf7-text wpcf7-validates-as-required\" aria-required=\"true\" aria-invalid=\"false\" placeholder=\"First name\" value=\"\" type=\"text\" name=\"text-391\" \/><\/span><span class=\"wpcf7-form-control-wrap\" data-name=\"text-392\"><input size=\"40\" maxlength=\"400\" class=\"wpcf7-form-control wpcf7-text wpcf7-validates-as-required\" aria-required=\"true\" aria-invalid=\"false\" placeholder=\"Surname\" value=\"\" type=\"text\" name=\"text-392\" \/><\/span>\n<\/p>\n<p><label> Email address (required)<br \/>\n<span class=\"wpcf7-form-control-wrap\" data-name=\"your-email\"><input size=\"40\" maxlength=\"400\" class=\"wpcf7-form-control wpcf7-email wpcf7-validates-as-required wpcf7-text wpcf7-validates-as-email\" aria-required=\"true\" aria-invalid=\"false\" value=\"\" type=\"email\" name=\"your-email\" \/><\/span> <\/label>\n<\/p>\n<p><span class=\"wpcf7-form-control-wrap\" data-name=\"text-528\"><input size=\"40\" maxlength=\"400\" class=\"wpcf7-form-control wpcf7-text\" aria-invalid=\"false\" placeholder=\"Citizenship (in case living abroad)\" value=\"\" type=\"text\" name=\"text-528\" \/><\/span>\n<\/p>\n<p><span class=\"wpcf7-form-control-wrap\" data-name=\"tel-364\"><input size=\"40\" maxlength=\"400\" class=\"wpcf7-form-control wpcf7-tel wpcf7-text wpcf7-validates-as-tel\" aria-invalid=\"false\" placeholder=\"Phone number\" value=\"\" type=\"tel\" name=\"tel-364\" \/><\/span>\n<\/p>\n<p><span class=\"wpcf7-form-control-wrap\" data-name=\"radio-797\"><span class=\"wpcf7-form-control wpcf7-radio\"><span class=\"wpcf7-list-item first\"><input type=\"radio\" name=\"radio-797\" value=\"I am over 18 years of age\" checked=\"checked\" \/><span class=\"wpcf7-list-item-label\">I am over 18 years of age<\/span><\/span><span class=\"wpcf7-list-item last\"><input type=\"radio\" name=\"radio-797\" value=\"I am under 18 years of age\" \/><span class=\"wpcf7-list-item-label\">I am under 18 years of age<\/span><\/span><\/span><\/span>\n<\/p>\n<p>Residential address:\n<\/p>\n<p><span class=\"wpcf7-form-control-wrap\" data-name=\"text-529\"><input size=\"40\" maxlength=\"400\" class=\"wpcf7-form-control wpcf7-text wpcf7-validates-as-required\" aria-required=\"true\" aria-invalid=\"false\" placeholder=\"Postcode\" value=\"\" type=\"text\" name=\"text-529\" \/><\/span><span class=\"wpcf7-form-control-wrap\" data-name=\"text-530\"><input size=\"40\" maxlength=\"400\" class=\"wpcf7-form-control wpcf7-text wpcf7-validates-as-required\" aria-required=\"true\" aria-invalid=\"false\" placeholder=\"Town\" value=\"\" type=\"text\" name=\"text-530\" \/><\/span><br \/>\n<span class=\"wpcf7-form-control-wrap\" data-name=\"text-531\"><input size=\"40\" maxlength=\"400\" class=\"wpcf7-form-control wpcf7-text wpcf7-validates-as-required\" aria-required=\"true\" aria-invalid=\"false\" placeholder=\"Street\" value=\"\" type=\"text\" name=\"text-531\" \/><\/span><span class=\"wpcf7-form-control-wrap\" data-name=\"text-532\"><input size=\"40\" maxlength=\"400\" class=\"wpcf7-form-control wpcf7-text wpcf7-validates-as-required\" aria-required=\"true\" aria-invalid=\"false\" placeholder=\"Street number\" value=\"\" type=\"text\" name=\"text-532\" \/><\/span><br \/>\n<span class=\"wpcf7-form-control-wrap\" data-name=\"text-533\"><input size=\"40\" maxlength=\"400\" class=\"wpcf7-form-control wpcf7-text\" aria-invalid=\"false\" placeholder=\"Unit number\" value=\"\" type=\"text\" name=\"text-533\" \/><\/span><span class=\"wpcf7-form-control-wrap\" data-name=\"text-534\"><input size=\"40\" maxlength=\"400\" class=\"wpcf7-form-control wpcf7-text\" aria-invalid=\"false\" placeholder=\"Country\" value=\"\" type=\"text\" name=\"text-534\" \/><\/span>\n<\/p>\n<p><span class=\"wpcf7-form-control-wrap\" data-name=\"textarea-394\"><textarea cols=\"40\" rows=\"10\" maxlength=\"2000\" class=\"wpcf7-form-control wpcf7-textarea\" aria-invalid=\"false\" placeholder=\"Additional information:\" name=\"textarea-394\"><\/textarea><\/span>\n<\/p>\n<p>I declare that I understand the <A href=\"https:\/\/michalszpak.eu\/en\/statute-2\/\">Statute<\/a>, including the goals and tasks of the Association, as well as the rights and responsibilities of members.\n<\/p>\n<p>At the same time, I agree to abide by them and regularly pay membership fees.\n<\/p>\n<p> I agree to the processing of my personal data by the \u201cMICHA\u0141 SZPAK OFFICIAL FAN CLUB ASSOCIATION\u201d for statutory purposes. I understand that I have the right to access and change my personal data as well as the right to object to processing of my personal data for the above mentioned purposes. For more information please read our Privacy Policy.\n<\/p>\n<p><span class=\"wpcf7-form-control-wrap\" data-name=\"acceptance-460\"><span class=\"wpcf7-form-control wpcf7-acceptance\"><span class=\"wpcf7-list-item\"><input type=\"checkbox\" name=\"acceptance-460\" value=\"1\" aria-invalid=\"false\" \/><\/span><\/span><\/span> I accept the terms and conditions\n<\/p>\n<p><label> Full name<br \/>\n<span class=\"wpcf7-form-control-wrap\" data-name=\"your-name\"><input size=\"40\" maxlength=\"400\" class=\"wpcf7-form-control wpcf7-text wpcf7-validates-as-required\" aria-required=\"true\" aria-invalid=\"false\" value=\"\" type=\"text\" name=\"your-name\" \/><\/span> <\/label>\n<\/p>\n<p>I declare that I have read and accept the <A href=\"https:\/\/michalszpak.eu\/en\/privacy-policy\/\">Privacy Policy<\/a>\n<\/p>\n<p><span class=\"wpcf7-form-control-wrap\" data-name=\"zgodnoscRODO\"><span class=\"wpcf7-form-control wpcf7-acceptance\"><span class=\"wpcf7-list-item\"><label><input type=\"checkbox\" name=\"zgodnoscRODO\" value=\"1\" aria-invalid=\"false\" \/><span class=\"wpcf7-list-item-label\">GDPR Agreement<\/span><\/label><\/span><\/span><\/span>\n<\/p>\n<p>Enter code\n<\/p>\n<p><span class=\"wpcf7-form-control-wrap\" data-name=\"captcha-119\"><input size=\"40\" class=\"wpcf7-form-control wpcf7-captchar\" autocomplete=\"off\" aria-invalid=\"false\" value=\"\" type=\"text\" name=\"captcha-119\" \/><\/span><input type=\"hidden\" name=\"_wpcf7_captcha_challenge_captcha-119\" value=\"1835415081\" \/><img decoding=\"async\" class=\"wpcf7-form-control wpcf7-captchac wpcf7-captcha-captcha-119\" width=\"72\" height=\"24\" alt=\"captcha\" src=\"https:\/\/michalszpak.eu\/wp-content\/uploads\/wpcf7_captcha\/1835415081.png\" \/>\n<\/p>\n<p><input class=\"wpcf7-form-control wpcf7-submit has-spinner\" type=\"submit\" value=\"Submit\" \/>\n<\/p><p style=\"display: none !important;\" class=\"akismet-fields-container\" data-prefix=\"_wpcf7_ak_\"><label>&#916;<textarea name=\"_wpcf7_ak_hp_textarea\" cols=\"45\" rows=\"8\" maxlength=\"100\"><\/textarea><\/label><input type=\"hidden\" id=\"ak_js_1\" name=\"_wpcf7_ak_js\" value=\"211\"\/><script>document.getElementById( \"ak_js_1\" ).setAttribute( \"value\", ( new Date() ).getTime() );<\/script><\/p><div class=\"wpcf7-response-output\" aria-hidden=\"true\"><\/div>\n<\/form>\n<\/div>\n\n<h3>Related Images:<\/h3><\/div>","protected":false},"excerpt":{"rendered":"<p>[vc_row][vc_column][vc_column_text]Before you fill out the form, please read the membership fees information: Membership fees information [\/vc_column_text] Related Images:<\/p>\n","protected":false},"author":13566,"featured_media":0,"parent":0,"menu_order":0,"comment_status":"closed","ping_status":"closed","template":"","meta":{"ngg_post_thumbnail":0,"footnotes":""},"class_list":["post-16495","page","type-page","status-publish","hentry"],"yoast_head":"<!-- This site is optimized with the Yoast SEO Premium plugin v21.0 (Yoast SEO v26.7) - https:\/\/yoast.com\/wordpress\/plugins\/seo\/ -->\n<title>MS OFC Association Membership Registration - Oficjalny Fan Club Micha\u0142a Szpaka<\/title>\n<meta name=\"description\" content=\"Oficjalny Fan Club Micha\u0142a Szpaka - Zosta\u0144 cz\u0142onkiem OFC Micha\u0142a Szpaka. Wype\u0142nij formularz i wy\u015blij do nas. Zapraszamy!\" \/>\n<meta name=\"robots\" content=\"index, follow, max-snippet:-1, max-image-preview:large, max-video-preview:-1\" \/>\n<link rel=\"canonical\" href=\"https:\/\/michalszpak.eu\/en\/fan-club-registration\/\" \/>\n<meta property=\"og:locale\" content=\"en_US\" \/>\n<meta property=\"og:type\" content=\"article\" \/>\n<meta property=\"og:title\" content=\"MS OFC Association Membership Registration\" \/>\n<meta property=\"og:description\" content=\"Oficjalny Fan Club Micha\u0142a Szpaka - Zosta\u0144 cz\u0142onkiem OFC Micha\u0142a Szpaka.\" \/>\n<meta property=\"og:url\" content=\"https:\/\/michalszpak.eu\/en\/fan-club-registration\/\" \/>\n<meta property=\"og:site_name\" content=\"Oficjalny Fan Club Micha\u0142a Szpaka\" \/>\n<meta property=\"article:publisher\" content=\"https:\/\/www.facebook.com\/michalszpakorg\" \/>\n<meta property=\"article:modified_time\" content=\"2018-06-07T04:56:38+00:00\" \/>\n<meta property=\"og:image\" content=\"https:\/\/michalszpak.eu\/wp-content\/uploads\/2018\/06\/DSC06210-1-e1528645322277.jpg\" \/>\n<meta name=\"twitter:card\" content=\"summary_large_image\" \/>\n<script type=\"application\/ld+json\" class=\"yoast-schema-graph\">{\"@context\":\"https:\/\/schema.org\",\"@graph\":[{\"@type\":\"WebPage\",\"@id\":\"https:\/\/michalszpak.eu\/en\/fan-club-registration\/\",\"url\":\"https:\/\/michalszpak.eu\/en\/fan-club-registration\/\",\"name\":\"MS OFC Association Membership Registration - Oficjalny Fan Club Micha\u0142a Szpaka\",\"isPartOf\":{\"@id\":\"https:\/\/michalszpak.eu\/en\/#website\"},\"datePublished\":\"2014-03-25T17:49:22+00:00\",\"dateModified\":\"2018-06-07T04:56:38+00:00\",\"description\":\"Oficjalny Fan Club Micha\u0142a Szpaka - Zosta\u0144 cz\u0142onkiem OFC Micha\u0142a Szpaka. Wype\u0142nij formularz i wy\u015blij do nas. Zapraszamy!\",\"breadcrumb\":{\"@id\":\"https:\/\/michalszpak.eu\/en\/fan-club-registration\/#breadcrumb\"},\"inLanguage\":\"en-US\",\"potentialAction\":[{\"@type\":\"ReadAction\",\"target\":[\"https:\/\/michalszpak.eu\/en\/fan-club-registration\/\"]}]},{\"@type\":\"BreadcrumbList\",\"@id\":\"https:\/\/michalszpak.eu\/en\/fan-club-registration\/#breadcrumb\",\"itemListElement\":[{\"@type\":\"ListItem\",\"position\":1,\"name\":\"Home\",\"item\":\"https:\/\/michalszpak.eu\/en\/ms-2-2-2\/\"},{\"@type\":\"ListItem\",\"position\":2,\"name\":\"MS OFC Association Membership Registration\"}]},{\"@type\":\"WebSite\",\"@id\":\"https:\/\/michalszpak.eu\/en\/#website\",\"url\":\"https:\/\/michalszpak.eu\/en\/\",\"name\":\"Oficjalny Fan Club Micha\u0142a Szpaka\",\"description\":\"Strona Stowarzyszenia Oficjalny Fan Club Micha\u0142a Szpaka\",\"potentialAction\":[{\"@type\":\"SearchAction\",\"target\":{\"@type\":\"EntryPoint\",\"urlTemplate\":\"https:\/\/michalszpak.eu\/en\/?s={search_term_string}\"},\"query-input\":{\"@type\":\"PropertyValueSpecification\",\"valueRequired\":true,\"valueName\":\"search_term_string\"}}],\"inLanguage\":\"en-US\"}]}<\/script>\n<!-- \/ Yoast SEO Premium plugin. -->","yoast_head_json":{"title":"MS OFC Association Membership Registration - Oficjalny Fan Club Micha\u0142a Szpaka","description":"Oficjalny Fan Club Micha\u0142a Szpaka - Zosta\u0144 cz\u0142onkiem OFC Micha\u0142a Szpaka. Wype\u0142nij formularz i wy\u015blij do nas. Zapraszamy!","robots":{"index":"index","follow":"follow","max-snippet":"max-snippet:-1","max-image-preview":"max-image-preview:large","max-video-preview":"max-video-preview:-1"},"canonical":"https:\/\/michalszpak.eu\/en\/fan-club-registration\/","og_locale":"en_US","og_type":"article","og_title":"MS OFC Association Membership Registration","og_description":"Oficjalny Fan Club Micha\u0142a Szpaka - Zosta\u0144 cz\u0142onkiem OFC Micha\u0142a Szpaka.","og_url":"https:\/\/michalszpak.eu\/en\/fan-club-registration\/","og_site_name":"Oficjalny Fan Club Micha\u0142a Szpaka","article_publisher":"https:\/\/www.facebook.com\/michalszpakorg","article_modified_time":"2018-06-07T04:56:38+00:00","og_image":[{"url":"https:\/\/michalszpak.eu\/wp-content\/uploads\/2018\/06\/DSC06210-1-e1528645322277.jpg","type":"","width":"","height":""}],"twitter_card":"summary_large_image","schema":{"@context":"https:\/\/schema.org","@graph":[{"@type":"WebPage","@id":"https:\/\/michalszpak.eu\/en\/fan-club-registration\/","url":"https:\/\/michalszpak.eu\/en\/fan-club-registration\/","name":"MS OFC Association Membership Registration - Oficjalny Fan Club Micha\u0142a Szpaka","isPartOf":{"@id":"https:\/\/michalszpak.eu\/en\/#website"},"datePublished":"2014-03-25T17:49:22+00:00","dateModified":"2018-06-07T04:56:38+00:00","description":"Oficjalny Fan Club Micha\u0142a Szpaka - Zosta\u0144 cz\u0142onkiem OFC Micha\u0142a Szpaka. Wype\u0142nij formularz i wy\u015blij do nas. Zapraszamy!","breadcrumb":{"@id":"https:\/\/michalszpak.eu\/en\/fan-club-registration\/#breadcrumb"},"inLanguage":"en-US","potentialAction":[{"@type":"ReadAction","target":["https:\/\/michalszpak.eu\/en\/fan-club-registration\/"]}]},{"@type":"BreadcrumbList","@id":"https:\/\/michalszpak.eu\/en\/fan-club-registration\/#breadcrumb","itemListElement":[{"@type":"ListItem","position":1,"name":"Home","item":"https:\/\/michalszpak.eu\/en\/ms-2-2-2\/"},{"@type":"ListItem","position":2,"name":"MS OFC Association Membership Registration"}]},{"@type":"WebSite","@id":"https:\/\/michalszpak.eu\/en\/#website","url":"https:\/\/michalszpak.eu\/en\/","name":"Oficjalny Fan Club Micha\u0142a Szpaka","description":"Strona Stowarzyszenia Oficjalny Fan Club Micha\u0142a Szpaka","potentialAction":[{"@type":"SearchAction","target":{"@type":"EntryPoint","urlTemplate":"https:\/\/michalszpak.eu\/en\/?s={search_term_string}"},"query-input":{"@type":"PropertyValueSpecification","valueRequired":true,"valueName":"search_term_string"}}],"inLanguage":"en-US"}]}},"_links":{"self":[{"href":"https:\/\/michalszpak.eu\/en\/wp-json\/wp\/v2\/pages\/16495","targetHints":{"allow":["GET"]}}],"collection":[{"href":"https:\/\/michalszpak.eu\/en\/wp-json\/wp\/v2\/pages"}],"about":[{"href":"https:\/\/michalszpak.eu\/en\/wp-json\/wp\/v2\/types\/page"}],"author":[{"embeddable":true,"href":"https:\/\/michalszpak.eu\/en\/wp-json\/wp\/v2\/users\/13566"}],"replies":[{"embeddable":true,"href":"https:\/\/michalszpak.eu\/en\/wp-json\/wp\/v2\/comments?post=16495"}],"version-history":[{"count":32,"href":"https:\/\/michalszpak.eu\/en\/wp-json\/wp\/v2\/pages\/16495\/revisions"}],"predecessor-version":[{"id":30614,"href":"https:\/\/michalszpak.eu\/en\/wp-json\/wp\/v2\/pages\/16495\/revisions\/30614"}],"wp:attachment":[{"href":"https:\/\/michalszpak.eu\/en\/wp-json\/wp\/v2\/media?parent=16495"}],"curies":[{"name":"wp","href":"https:\/\/api.w.org\/{rel}","templated":true}]}}